{"id":2896,"date":"2023-05-03T18:22:07","date_gmt":"2023-05-03T18:22:07","guid":{"rendered":"https:\/\/wecareforwacares.org\/mapa-del-sitio\/"},"modified":"2023-07-03T14:10:13","modified_gmt":"2023-07-03T14:10:13","slug":"site-map","status":"publish","type":"page","link":"https:\/\/wecareforwacares.org\/es\/site-map\/","title":{"rendered":"Mapa del sitio"},"content":{"rendered":"\n<h1 class=\"wp-block-heading\">Mapa del sitio<\/h1>\n\n\n\n<div class=\"wp-block-group has-nv-site-bg-background-color has-background is-layout-constrained wp-block-group-is-layout-constrained\">\n<p class=\"has-link-color wp-elements-a0ee7962f96d6eecf9a5dff267ca311c\"><a href=\"https:\/\/wecareforwacares.org\/es\/\">P\u00e1gina de inicio<\/a><\/p>\n\n\n\n<p class=\"has-nv-dark-bg-color has-text-color has-link-color wp-elements-7df1da49adec30e94f1523c977c12537\"><a href=\"https:\/\/wecareforwacares.org\/es\/acerca-de-wa-cares\/\">Acerca de<\/a><\/p>\n\n\n\n<p class=\"has-link-color wp-elements-e88c6e7902fb85ada1ed63780603dd64\"><a href=\"https:\/\/wecareforwacares.org\/es\/wa-cares-fund\/\">Hechos<\/a><\/p>\n\n\n\n<ul class=\"has-nv-dark-bg-color has-text-color has-link-color wp-block-list wp-elements-4b25396b5ee6fa42038ba261b611aff8\">\n<li><a href=\"https:\/\/wecareforwacares.org\/es\/wa-cares-fund\/wa-cares-fund-wa-cares-apoya-a-los-trabajadores-de-washington\/\">Trabajadores de Washington<\/a><\/li>\n\n\n\n<li><a href=\"https:\/\/wecareforwacares.org\/es\/wa-cares-fund\/hechos-mejor-cobertura-de-atencion-a-largo-plazo\/\">Atenci\u00f3n a largo plazo<\/a><\/li>\n\n\n\n<li><a href=\"https:\/\/wecareforwacares.org\/es\/wa-cares-fund\/hechos-wa-cares-impulsa-la-economia\/\">La econom\u00eda<\/a><\/li>\n<\/ul>\n\n\n\n<p class=\"has-nv-dark-bg-color has-text-color has-link-color wp-elements-4088c770a5bf0ef6f607bd87c7c5fed4\"><a href=\"https:\/\/wecareforwacares.org\/es\/wa-cares-act-ley-wa-cares\/\">Act\u00fae<\/a><\/p>\n\n\n\n<p class=\"has-nv-dark-bg-color has-text-color has-link-color wp-elements-88442b9dc153595f2c5d42f031d73536\"><a href=\"https:\/\/wecareforwacares.org\/wa-cares-taking-care-washington\/\">Historias<\/a><\/p>\n\n\n\n<ul class=\"has-nv-dark-bg-color has-text-color has-link-color wp-block-list wp-elements-ac8810ceef88aab85dc4fc665fe11c72\">\n<li><a href=\"https:\/\/wecareforwacares.org\/es\/home-care-support\/\">Atenci\u00f3n domiciliaria<\/a><\/li>\n\n\n\n<li><a href=\"https:\/\/wecareforwacares.org\/es\/wa-cares-lupus-support\/\">Apoyo para tratar el lupus<\/a><\/li>\n\n\n\n<li><a href=\"https:\/\/wecareforwacares.org\/es\/wa-cares-stroke-support\/\">Apoyo para tratar el derrame cerebral<\/a><\/li>\n\n\n\n<li><a href=\"https:\/\/wecareforwacares.org\/es\/wa-cares-paralysis-support\/\">Apoyo para tratar la par\u00e1lisis<\/a><\/li>\n\n\n\n<li><a href=\"https:\/\/wecareforwacares.org\/es\/washington-long-term-care\/\">Atenci\u00f3n a largo plazo<\/a><\/li>\n\n\n\n<li><a href=\"https:\/\/wecareforwacares.org\/es\/wa-caregivers\/\">Cuidadores<\/a><\/li>\n\n\n\n<li><a href=\"https:\/\/wecareforwacares.org\/es\/wa-long-term-care-costs\/\">Costo de la atenci\u00f3n<\/a><\/li>\n\n\n\n<li><a href=\"https:\/\/wecareforwacares.org\/es\/aging-and-long-term-care\/\">Envejecimiento y atenci\u00f3n domiciliaria<\/a><\/li>\n<\/ul>\n\n\n\n<p class=\"has-nv-dark-bg-color has-text-color has-link-color wp-elements-051c046bfc78df0e02a91fd281cbd14c\"><a href=\"https:\/\/wecareforwacares.org\/es\/comuniquese-con-nosotros\/\">Contacto<\/a><\/p>\n\n\n\n<p class=\"has-nv-dark-bg-color has-text-color has-link-color wp-elements-52efeccb900354765b033298c706df73\"><a href=\"https:\/\/wecareforwacares.org\/?page_id=291\">Pol\u00edtica de privacidad<\/a><\/p>\n\n\n\n<p class=\"has-nv-dark-bg-color has-text-color has-link-color wp-elements-afca952ee55519cafcca8b32e61f8b3c\"><a href=\"https:\/\/wecareforwacares.org\/es\/mapa-del-sitio\/\">Mapa del sitio<\/a><\/p>\n<\/div>\n","protected":false},"excerpt":{"rendered":"<p>Mapa del sitio P\u00e1gina de inicio Acerca de Hechos Act\u00fae Historias Contacto Pol\u00edtica de privacidad Mapa del sitio<\/p>\n","protected":false},"author":2,"featured_media":0,"parent":0,"menu_order":0,"comment_status":"closed","ping_status":"closed","template":"","meta":{"inline_featured_image":false,"neve_meta_sidebar":"","neve_meta_container":"","neve_meta_enable_content_width":"","neve_meta_content_width":0,"neve_meta_title_alignment":"","neve_meta_author_avatar":"","neve_post_elements_order":"","neve_meta_disable_header":"","neve_meta_disable_footer":"","neve_meta_disable_title":"","neve_meta_reading_time":"","footnotes":""},"class_list":["post-2896","page","type-page","status-publish","hentry"],"yoast_head":"<!-- This site is optimized with the Yoast SEO plugin v27.4 - https:\/\/yoast.com\/product\/yoast-seo-wordpress\/ -->\n<title>Mapa del sitio | We Care for WA Cares<\/title>\n<meta name=\"description\" content=\"Explore todas las p\u00e1ginas y contenidos del sitio web de We Care For WA Cares con este mapa del sitio. Conozca acerca WA Cares y ent\u00e9rese c\u00f3mo puede obtener una atenci\u00f3n a largo plazo asequible.\" \/>\n<meta name=\"robots\" content=\"index, follow, max-snippet:-1, max-image-preview:large, max-video-preview:-1\" \/>\n<link rel=\"canonical\" href=\"https:\/\/wecareforwacares.org\/es\/site-map\/\" \/>\n<meta property=\"og:locale\" content=\"es_ES\" \/>\n<meta property=\"og:type\" content=\"article\" \/>\n<meta property=\"og:title\" content=\"Mapa del sitio | We Care for WA Cares\" \/>\n<meta property=\"og:description\" content=\"Explore todas las p\u00e1ginas y contenidos del sitio web de We Care For WA Cares con este mapa del sitio. Conozca acerca WA Cares y ent\u00e9rese c\u00f3mo puede obtener una atenci\u00f3n a largo plazo asequible.\" \/>\n<meta property=\"og:url\" content=\"https:\/\/wecareforwacares.org\/es\/site-map\/\" \/>\n<meta property=\"og:site_name\" content=\"We Care for WA Cares\" \/>\n<meta property=\"article:publisher\" content=\"https:\/\/www.facebook.com\/WeCareForWACares\" \/>\n<meta property=\"article:modified_time\" content=\"2023-07-03T14:10:13+00:00\" \/>\n<meta property=\"og:image\" content=\"https:\/\/wecareforwacares.org\/wp-content\/uploads\/2023\/05\/we-care-for-wa-cares-logo-2.jpg\" \/>\n\t<meta property=\"og:image:width\" content=\"1200\" \/>\n\t<meta property=\"og:image:height\" content=\"675\" \/>\n\t<meta property=\"og:image:type\" content=\"image\/jpeg\" \/>\n<meta name=\"twitter:card\" content=\"summary_large_image\" \/>\n<meta name=\"twitter:site\" content=\"@WeCare4WACares\" \/>\n<meta name=\"twitter:label1\" content=\"Tiempo de lectura\" \/>\n\t<meta name=\"twitter:data1\" content=\"1 minuto\" \/>\n<script type=\"application\/ld+json\" class=\"yoast-schema-graph\">{\"@context\":\"https:\\\/\\\/schema.org\",\"@graph\":[{\"@type\":\"WebPage\",\"@id\":\"https:\\\/\\\/wecareforwacares.org\\\/es\\\/site-map\\\/\",\"url\":\"https:\\\/\\\/wecareforwacares.org\\\/es\\\/site-map\\\/\",\"name\":\"Mapa del sitio | We Care for WA Cares\",\"isPartOf\":{\"@id\":\"https:\\\/\\\/wecareforwacares.org\\\/#website\"},\"datePublished\":\"2023-05-03T18:22:07+00:00\",\"dateModified\":\"2023-07-03T14:10:13+00:00\",\"description\":\"Explore todas las p\u00e1ginas y contenidos del sitio web de We Care For WA Cares con este mapa del sitio. Conozca acerca WA Cares y ent\u00e9rese c\u00f3mo puede obtener una atenci\u00f3n a largo plazo asequible.\",\"breadcrumb\":{\"@id\":\"https:\\\/\\\/wecareforwacares.org\\\/es\\\/site-map\\\/#breadcrumb\"},\"inLanguage\":\"es\",\"potentialAction\":[{\"@type\":\"ReadAction\",\"target\":[\"https:\\\/\\\/wecareforwacares.org\\\/es\\\/site-map\\\/\"]}]},{\"@type\":\"BreadcrumbList\",\"@id\":\"https:\\\/\\\/wecareforwacares.org\\\/es\\\/site-map\\\/#breadcrumb\",\"itemListElement\":[{\"@type\":\"ListItem\",\"position\":1,\"name\":\"Home\",\"item\":\"https:\\\/\\\/wecareforwacares.org\\\/\"},{\"@type\":\"ListItem\",\"position\":2,\"name\":\"Mapa del sitio\"}]},{\"@type\":\"WebSite\",\"@id\":\"https:\\\/\\\/wecareforwacares.org\\\/#website\",\"url\":\"https:\\\/\\\/wecareforwacares.org\\\/\",\"name\":\"We Care for WA Cares\",\"description\":\"70% of us will need long-term care\",\"publisher\":{\"@id\":\"https:\\\/\\\/wecareforwacares.org\\\/#organization\"},\"alternateName\":\"We Care for WA Cares\",\"potentialAction\":[{\"@type\":\"SearchAction\",\"target\":{\"@type\":\"EntryPoint\",\"urlTemplate\":\"https:\\\/\\\/wecareforwacares.org\\\/?s={search_term_string}\"},\"query-input\":{\"@type\":\"PropertyValueSpecification\",\"valueRequired\":true,\"valueName\":\"search_term_string\"}}],\"inLanguage\":\"es\"},{\"@type\":\"Organization\",\"@id\":\"https:\\\/\\\/wecareforwacares.org\\\/#organization\",\"name\":\"We Care for WA Caares\",\"alternateName\":\"We Care for WA Caares\",\"url\":\"https:\\\/\\\/wecareforwacares.org\\\/\",\"logo\":{\"@type\":\"ImageObject\",\"inLanguage\":\"es\",\"@id\":\"https:\\\/\\\/wecareforwacares.org\\\/#\\\/schema\\\/logo\\\/image\\\/\",\"url\":\"https:\\\/\\\/wecareforwacares.org\\\/wp-content\\\/uploads\\\/2023\\\/05\\\/we-care-for-wa-cares-logo.jpg\",\"contentUrl\":\"https:\\\/\\\/wecareforwacares.org\\\/wp-content\\\/uploads\\\/2023\\\/05\\\/we-care-for-wa-cares-logo.jpg\",\"width\":700,\"height\":700,\"caption\":\"We Care for WA Caares\"},\"image\":{\"@id\":\"https:\\\/\\\/wecareforwacares.org\\\/#\\\/schema\\\/logo\\\/image\\\/\"},\"sameAs\":[\"https:\\\/\\\/www.facebook.com\\\/WeCareForWACares\",\"https:\\\/\\\/x.com\\\/WeCare4WACares\",\"https:\\\/\\\/www.youtube.com\\\/channel\\\/UCICpxHAJPKocRrFM3WErRXw\",\"https:\\\/\\\/www.instagram.com\\\/wecare4wacares\\\/\"]}]}<\/script>\n<!-- \/ Yoast SEO plugin. -->","yoast_head_json":{"title":"Mapa del sitio | We Care for WA Cares","description":"Explore todas las p\u00e1ginas y contenidos del sitio web de We Care For WA Cares con este mapa del sitio. Conozca acerca WA Cares y ent\u00e9rese c\u00f3mo puede obtener una atenci\u00f3n a largo plazo asequible.","robots":{"index":"index","follow":"follow","max-snippet":"max-snippet:-1","max-image-preview":"max-image-preview:large","max-video-preview":"max-video-preview:-1"},"canonical":"https:\/\/wecareforwacares.org\/es\/site-map\/","og_locale":"es_ES","og_type":"article","og_title":"Mapa del sitio | We Care for WA Cares","og_description":"Explore todas las p\u00e1ginas y contenidos del sitio web de We Care For WA Cares con este mapa del sitio. Conozca acerca WA Cares y ent\u00e9rese c\u00f3mo puede obtener una atenci\u00f3n a largo plazo asequible.","og_url":"https:\/\/wecareforwacares.org\/es\/site-map\/","og_site_name":"We Care for WA Cares","article_publisher":"https:\/\/www.facebook.com\/WeCareForWACares","article_modified_time":"2023-07-03T14:10:13+00:00","og_image":[{"width":1200,"height":675,"url":"https:\/\/wecareforwacares.org\/wp-content\/uploads\/2023\/05\/we-care-for-wa-cares-logo-2.jpg","type":"image\/jpeg"}],"twitter_card":"summary_large_image","twitter_site":"@WeCare4WACares","twitter_misc":{"Tiempo de lectura":"1 minuto"},"schema":{"@context":"https:\/\/schema.org","@graph":[{"@type":"WebPage","@id":"https:\/\/wecareforwacares.org\/es\/site-map\/","url":"https:\/\/wecareforwacares.org\/es\/site-map\/","name":"Mapa del sitio | We Care for WA Cares","isPartOf":{"@id":"https:\/\/wecareforwacares.org\/#website"},"datePublished":"2023-05-03T18:22:07+00:00","dateModified":"2023-07-03T14:10:13+00:00","description":"Explore todas las p\u00e1ginas y contenidos del sitio web de We Care For WA Cares con este mapa del sitio. Conozca acerca WA Cares y ent\u00e9rese c\u00f3mo puede obtener una atenci\u00f3n a largo plazo asequible.","breadcrumb":{"@id":"https:\/\/wecareforwacares.org\/es\/site-map\/#breadcrumb"},"inLanguage":"es","potentialAction":[{"@type":"ReadAction","target":["https:\/\/wecareforwacares.org\/es\/site-map\/"]}]},{"@type":"BreadcrumbList","@id":"https:\/\/wecareforwacares.org\/es\/site-map\/#breadcrumb","itemListElement":[{"@type":"ListItem","position":1,"name":"Home","item":"https:\/\/wecareforwacares.org\/"},{"@type":"ListItem","position":2,"name":"Mapa del sitio"}]},{"@type":"WebSite","@id":"https:\/\/wecareforwacares.org\/#website","url":"https:\/\/wecareforwacares.org\/","name":"We Care for WA Cares","description":"70% of us will need long-term care","publisher":{"@id":"https:\/\/wecareforwacares.org\/#organization"},"alternateName":"We Care for WA Cares","potentialAction":[{"@type":"SearchAction","target":{"@type":"EntryPoint","urlTemplate":"https:\/\/wecareforwacares.org\/?s={search_term_string}"},"query-input":{"@type":"PropertyValueSpecification","valueRequired":true,"valueName":"search_term_string"}}],"inLanguage":"es"},{"@type":"Organization","@id":"https:\/\/wecareforwacares.org\/#organization","name":"We Care for WA Caares","alternateName":"We Care for WA Caares","url":"https:\/\/wecareforwacares.org\/","logo":{"@type":"ImageObject","inLanguage":"es","@id":"https:\/\/wecareforwacares.org\/#\/schema\/logo\/image\/","url":"https:\/\/wecareforwacares.org\/wp-content\/uploads\/2023\/05\/we-care-for-wa-cares-logo.jpg","contentUrl":"https:\/\/wecareforwacares.org\/wp-content\/uploads\/2023\/05\/we-care-for-wa-cares-logo.jpg","width":700,"height":700,"caption":"We Care for WA Caares"},"image":{"@id":"https:\/\/wecareforwacares.org\/#\/schema\/logo\/image\/"},"sameAs":["https:\/\/www.facebook.com\/WeCareForWACares","https:\/\/x.com\/WeCare4WACares","https:\/\/www.youtube.com\/channel\/UCICpxHAJPKocRrFM3WErRXw","https:\/\/www.instagram.com\/wecare4wacares\/"]}]}},"_links":{"self":[{"href":"https:\/\/wecareforwacares.org\/es\/wp-json\/wp\/v2\/pages\/2896","targetHints":{"allow":["GET"]}}],"collection":[{"href":"https:\/\/wecareforwacares.org\/es\/wp-json\/wp\/v2\/pages"}],"about":[{"href":"https:\/\/wecareforwacares.org\/es\/wp-json\/wp\/v2\/types\/page"}],"author":[{"embeddable":true,"href":"https:\/\/wecareforwacares.org\/es\/wp-json\/wp\/v2\/users\/2"}],"replies":[{"embeddable":true,"href":"https:\/\/wecareforwacares.org\/es\/wp-json\/wp\/v2\/comments?post=2896"}],"version-history":[{"count":2,"href":"https:\/\/wecareforwacares.org\/es\/wp-json\/wp\/v2\/pages\/2896\/revisions"}],"predecessor-version":[{"id":2941,"href":"https:\/\/wecareforwacares.org\/es\/wp-json\/wp\/v2\/pages\/2896\/revisions\/2941"}],"wp:attachment":[{"href":"https:\/\/wecareforwacares.org\/es\/wp-json\/wp\/v2\/media?parent=2896"}],"curies":[{"name":"wp","href":"https:\/\/api.w.org\/{rel}","templated":true}]}}