{"id":2901,"date":"2023-05-03T18:29:22","date_gmt":"2023-05-03T18:29:22","guid":{"rendered":"https:\/\/wecareforwacares.org\/anthony-%e2%86%92-beneficios-de-wa-cares-apoyo-de-wa-cares-para-tratar-el-lupus\/"},"modified":"2023-11-06T00:31:03","modified_gmt":"2023-11-06T00:31:03","slug":"wa-cares-lupus-support","status":"publish","type":"page","link":"https:\/\/wecareforwacares.org\/es\/wa-cares-lupus-support\/","title":{"rendered":"Anthony \u2192 Beneficios de WA Cares &gt; Apoyo de WA Cares para el lupus"},"content":{"rendered":"\n<div class=\"wp-block-group alignfull lt-blue-wc-white-lg-btm has-neve-link-color-background-color has-background is-layout-constrained wp-block-group-is-layout-constrained\">\n<h1 class=\"wp-block-heading has-text-align-center has-nv-text-dark-bg-color has-neve-link-hover-color-background-color has-text-color has-background\" style=\"padding-top:var(--wp--preset--spacing--30);padding-right:var(--wp--preset--spacing--30);padding-bottom:var(--wp--preset--spacing--30);padding-left:var(--wp--preset--spacing--30)\">WA Cares proporciona apoyo para el lupus cuando los seguros privados no lo hacen<\/h1>\n\n\n\n<figure class=\"wp-block-embed alignwide is-type-video is-provider-youtube wp-block-embed-youtube wp-embed-aspect-16-9 wp-has-aspect-ratio img-shadow\"><div class=\"wp-block-embed__wrapper\">\r\n<div class=\"nv-iframe-embed\"><iframe loading=\"lazy\" title=\"Anthony | Lupus Support\" width=\"1200\" height=\"675\" src=\"https:\/\/www.youtube.com\/embed\/UQ3py3_tyWk?feature=oembed\" frameborder=\"0\" allow=\"accelerometer; autoplay; clipboard-write; encrypted-media; gyroscope; picture-in-picture; web-share\" allowfullscreen><\/iframe><\/div>\r\n<\/div><\/figure>\r\n<\/div>\n\n<div class=\"wp-block-group is-layout-constrained wp-block-group-is-layout-constrained\">\n<p>Anthony era un t\u00edpico estudiante universitario cuando empez\u00f3 a presentar dolores y fatiga extremos. Pronto le diagnosticaron lupus. Se preguntaba c\u00f3mo podr\u00eda pagar el apoyo para el lupus si llegaba el d\u00eda en que no pudiera cuidar de s\u00ed mismo. Los cuidadores son costosos y los seguros privados consideran el lupus una enfermedad pre-existente. Aunque pudiera pagar las cuotas, las compa\u00f1\u00edas de aseguranzas privadas de cuidado a largo plazo lo rechazar\u00edan por su lupus.<\/p>\n\n\n\n<p>Por suerte, los beneficios de WA Cares ayudar\u00e1n a Anthony con el lupus. Le proporcionar\u00e1 equipos m\u00e9dicos y cuidado domiciliario si alguna vez la necesita. Gracias a WA Cares, Anthony podr\u00e1 recibir los mismos servicios de cuidado que los trabajadores de Washington sin enfermedades pre-existentes. Podr\u00e1 quedarse en casa para recibir servicios de atenci\u00f3n si lo necesita. Y como dice Anthony, \u201csaber que podr\u00e9 quedarme en mi propia casa, incluso cuando mi enfermedad empeore bastante, me tranquiliza mucho\u201d.<\/p>\n<\/div>\n\n<div class=\"wp-block-group alignfull is-layout-constrained wp-block-group-is-layout-constrained\">\n<figure class=\"wp-block-pullquote alignwide has-text-align-center lt-blue-splash has-nv-dark-bg-color has-text-color\"><blockquote><p><span data-sheets-value=\"{&quot;1&quot;:2,&quot;2&quot;:&quot;&#x201C;Los seguros privados de cuidado a largo plazo no cubren mi enfermedad pre-existente.&quot;}\" data-sheets-userformat=\"{&quot;2&quot;:513,&quot;3&quot;:{&quot;1&quot;:0},&quot;12&quot;:0}\">\u201cLos seguros privados de cuidado a largo plazo no cubren mi enfermedad pre-existente.<\/span> Pero WA Cares <em>lo har\u00e1<\/em>. Actualmente trabajo en un restaurante, pero si a causa del lupus no puedo cocinar o cuidar de m\u00ed mismo, WA Cares se encargar\u00e1 de pagarle a alguien para que me ayude en casa. Todos contribuimos algo, as\u00ed que todos nos beneficiamos de WA Cares si lo necesitamos\u201d.<\/p><cite>&#8211; Anthony Jones, Renton WA<\/cite><\/blockquote><\/figure>\n<\/div>\n\n<div class=\"wp-block-group alignfull has-custom-1-background-color has-background is-layout-constrained wp-block-group-is-layout-constrained\" style=\"padding-top:var(--wp--preset--spacing--50);padding-bottom:var(--wp--preset--spacing--60)\">\n<h2 class=\"wp-block-heading has-nv-dark-bg-color has-text-color\">La historia de Anthony:<\/h2>\n\n\n\n<p>Yo era un joven sano de 19\u00a0a\u00f1os que iba a la universidad. Jugaba baloncesto con mis amigos y disfrutaba de la vida. Pero, de repente, empec\u00e9 a sentir una fatiga extrema, inflamaci\u00f3n y dolor en mis articulaciones. Me diagnosticaron lupus, una enfermedad tan grave que tuve que ser tratado con quimioterapia citot\u00f3xica.<\/p>\n\n\n\n<p><strong>La idea de perder mis ahorros para poder cumplir los requisitos de Medicaid era devastadora.<\/strong><\/p>\n\n\n\n<p>Adem\u00e1s, ten\u00eda algunas preocupaciones en mente. \u00bfC\u00f3mo voy a cocinar o incluso ir al ba\u00f1o si me duelen demasiado los tobillos y otras articulaciones cuando me muevo? La idea de perder mis ahorros para poder cumplir los requisitos de Medicaid me devast\u00f3. A menudo me preguntaba c\u00f3mo podr\u00eda conseguir suficiente apoyo para el lupus cuando lo necesitara.<\/p>\n\n\n\n<p>Afortunadamente, sigo trabajando y viviendo de forma completamente independiente. Pero mi enfermedad es impredecible. Algunos d\u00edas estoy al 100%, otros d\u00edas la inflamaci\u00f3n de las articulaciones de mi pie es tan grave que ni siquiera puedo sacar a caminar a mi perro o ir a trabajar. Algunos d\u00edas el dolor en mis manos es tan intenso que no puedo sostener una olla ni cocinar. Llevo sufriendo estos episodios frecuentemente durante los \u00faltimos 20 a\u00f1os, y s\u00e9 que empeorar\u00e1n con el paso del tiempo.<\/p>\n\n\n\n<p class=\"has-link-color wp-elements-e56bccee25c4140c7d3329d8e3d607b6\"><strong><span data-sheets-value=\"{&quot;1&quot;:2,&quot;2&quot;:&quot;Una de cada 5 personas padece una enfermedad pre-existente, como presi&#xF3;n arterial elevada, diabetes, c&#xE1;ncer o lupus, como yo. [fuente]&quot;}\" data-sheets-userformat=\"{&quot;2&quot;:513,&quot;3&quot;:{&quot;1&quot;:0},&quot;12&quot;:0}\">Una de cada 5 personas padece una enfermedad pre-existente, como presi\u00f3n arterial elevada, diabetes, c\u00e1ncer o lupus, como yo.<\/span><\/strong>\u00a0[<a href=\"https:\/\/www.aaltci.org\/news\/long-term-care-insurance-association-news\/applicants-declined\">fuente<\/a>]<\/p>\n\n\n\n<p>He estudiado las opciones para conseguir un seguro de atenci\u00f3n a largo plazo que cubra los costos cuando necesite un cuidador que venga a ayudarme a casa. Aunque pudiera pagar las cuotas caras, me negar\u00edan la cobertura del seguro privado de cuidado a largo plazo debido a mi enfermedad pre-existente.  No soy la \u00fanica persona que necesita apoyo para el lupus.<\/p>\n\n\n\n<p>Siempre he tenido trabajo, pero no ten\u00eda ni idea de c\u00f3mo podr\u00eda pagar el apoyo para el lupus. El seguro m\u00e9dico solo cubre la atenci\u00f3n m\u00e9dica inmediata de un m\u00e9dico. No cubre el cuidado domiciliario ocasional ni continuo a largo plazo \u2013 como la ayuda para hacer de comer, vestirse o para moverse. Y no quiero gastarme todos mis ahorros para poder acceder a los servicios de atenci\u00f3n de Medicaid.<\/p>\n\n\n\n<p><strong>WA Cares pagar\u00e1 lo que necesite.<\/strong><\/p>\n\n\n\n<p>Afortunadamente ahora todos los trabajadores de Washington tienen WA Cares. WA Cares me proporcionar\u00e1 apoyo para el lupus y pagar\u00e1 un asistente de atenci\u00f3n domiciliaria, equipos m\u00e9dicos o incluso adaptaciones en el hogar como una rampa. WA Cares paga hasta $36,500, y ese monto aumentar\u00e1 seg\u00fan la inflaci\u00f3n econ\u00f3mica.<\/p>\n\n\n\n<p>Todos contribuimos algo ahora mientras trabajamos, por lo que podremos recurrir al Fondo de WA Cares cuando necesitemos ayuda.<\/p>\n\n\n\n<p>Saber que podr\u00e9 quedarme en mi propia casa, incluso cuando mi enfermedad empeore bastante, y recibir el apoyo para el lupus que necesito, me tranquiliza mucho. Gracias a WA Cares, las personas con enfermedades pre-existentes recibir\u00e1n ayuda.<\/p>\n\n\n\n<details class=\"wp-block-stackable-accordion stk-block-accordion stk-inner-blocks has-text-align-left stk-block-content stk-block stk-51b60b4 stk-block-background is-style-default stk--no-padding\" data-block-id=\"51b60b4\"><style>.stk-51b60b4{background-color:var(--nv-primary-accent) !important;border-radius:8px !important;overflow:hidden !important;min-height:0px !important;margin-top:32px !important;margin-bottom:48px !important}.stk-51b60b4:before{background-color:var(--nv-primary-accent) !important}<\/style>\n<summary class=\"wp-block-stackable-column stk-block-column stk-column stk-block stk-6dee112 stk--container-small stk-block-accordion__heading\" data-v=\"4\" data-block-id=\"6dee112\"><style>.stk-6dee112-container{padding-top:0% !important;padding-right:30% !important;padding-bottom:0% !important;padding-left:30% !important}<\/style><div class=\"stk-column-wrapper stk-block-column__content stk-container stk-6dee112-container stk--no-background stk--no-padding\"><div class=\"stk-block-content stk-inner-blocks stk-6dee112-inner-blocks\">\n<div class=\"wp-block-stackable-icon-label stk-block-icon-label stk-block stk-f180e0e\" data-block-id=\"f180e0e\"><div class=\"stk-row stk-inner-blocks stk-block-content\">\n<div class=\"wp-block-stackable-heading stk-block-heading stk-block-heading--v2 stk-block stk-1d79265\" id=\"video-transcript\" data-block-id=\"1d79265\"><style>.stk-1d79265 .stk-block-heading__text{font-size:16px !important;color:var(--nv-text-dark-bg) !important}@media screen and (max-width:1023px){.stk-1d79265 .stk-block-heading__text{font-size:16px !important}}<\/style><h3 class=\"stk-block-heading__text has-text-color has-nv-text-dark-bg-color\">Transcripci\u00f3n del video<\/h3><\/div>\n\n\n\n<div class=\"wp-block-stackable-icon stk-block-icon stk-block stk-97c114e\" data-block-id=\"97c114e\"><style>.stk-97c114e .stk--svg-wrapper .stk--inner-svg svg:last-child,.stk-97c114e .stk--svg-wrapper .stk--inner-svg svg:last-child :is(g,path,rect,polygon,ellipse){fill:var(--nv-text-dark-bg) !important}.stk-97c114e .stk--svg-wrapper .stk--inner-svg{border-top-width:0px !important;border-right-width:0px !important;border-bottom-width:0px !important;border-left-width:0px !important}<\/style><span class=\"stk--svg-wrapper\"><div class=\"stk--inner-svg\"><svg style=\"height:0;width:0\"><defs><lineargradient id=\"linear-gradient-97c114e\" x1=\"0\" x2=\"100%\" y1=\"0\" y2=\"0\"><stop offset=\"0%\" style=\"stop-opacity:1;stop-color:var(--linear-gradient-97-c-114-e-color-1)\"><\/stop><stop offset=\"100%\" style=\"stop-opacity:1;stop-color:var(--linear-gradient-97-c-114-e-color-2)\"><\/stop><\/lineargradient><\/defs><\/svg><svg data-prefix=\"fas\" data-icon=\"chevron-down\" class=\"svg-inline--fa fa-chevron-down fa-w-14\" xmlns=\"http:\/\/www.w3.org\/2000\/svg\" viewbox=\"0 0 448 512\" aria-hidden=\"true\" width=\"32\" height=\"32\"><path fill=\"currentColor\" d=\"M207.029 381.476L12.686 187.132c-9.373-9.373-9.373-24.569 0-33.941l22.667-22.667c9.357-9.357 24.522-9.375 33.901-.04L224 284.505l154.745-154.021c9.379-9.335 24.544-9.317 33.901.04l22.667 22.667c9.373 9.373 9.373 24.569 0 33.941L240.971 381.476c-9.373 9.372-24.569 9.372-33.942 0z\"><\/path><\/svg><\/div><\/span><\/div>\n<\/div><\/div>\n<\/div><\/div><\/summary>\n\n\n\n<div class=\"wp-block-stackable-column stk-block-column stk-column stk-block stk-1451b4e stk-block-accordion__content\" data-v=\"4\" data-block-id=\"1451b4e\"><div class=\"stk-column-wrapper stk-block-column__content stk-container stk-1451b4e-container stk--no-background stk--no-padding\"><div class=\"stk-block-content stk-inner-blocks stk-1451b4e-inner-blocks\">\n<p class=\"has-nv-text-dark-bg-color has-text-color\">\u201cLe\u00ed la letra peque\u00f1a. El seguro de atenci\u00f3n a largo plazo no cubrir\u00e1 mi afecci\u00f3n preexistente. Pero WA Cares <em>lo har\u00e1<\/em>. WA Cares cubre a todos los trabajadores de Washington, incluso a las personas con afecciones preexistentes como la diabetes o la presi\u00f3n arterial elevada.<\/p>\n\n\n\n<p class=\"has-nv-text-dark-bg-color has-text-color\">Si a causa del lupus no puedo cocinar o cuidar de m\u00ed, WA Cares se encargar\u00e1 de pagarle a alguien para que me ayude en casa. as\u00ed que todos nos beneficiamos de WA Cares si lo necesitamos\u201d.<\/p>\n<\/div><\/div><\/div>\n<\/details>\n<\/div>\n\n<div class=\"wp-block-group is-layout-constrained wp-block-group-is-layout-constrained\">\n<h2 class=\"wp-block-heading has-text-align-center has-nv-dark-bg-color has-text-color\" id=\"shareyourstory\">Cu\u00e9ntenos c\u00f3mo WA Cares ayudar\u00e1 a su familia<\/h2>\n\n\n\n<div class=\"wp-block-group is-layout-constrained wp-block-group-is-layout-constrained\">\n<iframe loading=\"lazy\" title=\"Video Ask\" src=\"https:\/\/www.videoask.com\/fd4mbf05x\" allow=\"camera *; microphone *; autoplay *; encrypted-media *; fullscreen *; display-capture *;\" width=\"100%\" height=\"600px\" style=\"border: none; border-radius: 24px;\"><\/iframe>\n<\/div>\n\n\n\n<p class=\"has-text-align-center has-link-color wp-elements-59c300de390af2f739c46998fa272623\">Obtenga m\u00e1s informaci\u00f3n sobre <a href=\"https:\/\/wecareforwacares.org\/es\/wa-cares-fund\/\">c\u00f3mo el Fondo de WA Cares est\u00e1 proporcionando apoyo para el lupus a los habitantes de Washington<\/a>.<\/p>\n<\/div>\n","protected":false},"excerpt":{"rendered":"<p>WA Cares proporciona apoyo para el lupus cuando los seguros privados no lo hacen Anthony era un t\u00edpico estudiante universitario cuando empez\u00f3 a presentar dolores y fatiga extremos. Pronto le diagnosticaron lupus. Se preguntaba c\u00f3mo podr\u00eda pagar el apoyo para el lupus si llegaba el d\u00eda en que no pudiera cuidar de s\u00ed mismo. Los&hellip;&nbsp;<\/p>\n","protected":false},"author":2,"featured_media":0,"parent":0,"menu_order":0,"comment_status":"closed","ping_status":"closed","template":"","meta":{"inline_featured_image":false,"neve_meta_sidebar":"","neve_meta_container":"","neve_meta_enable_content_width":"","neve_meta_content_width":0,"neve_meta_title_alignment":"","neve_meta_author_avatar":"","neve_post_elements_order":"","neve_meta_disable_header":"","neve_meta_disable_footer":"","neve_meta_disable_title":"","neve_meta_reading_time":"","footnotes":""},"class_list":["post-2901","page","type-page","status-publish","hentry"],"yoast_head":"<!-- This site is optimized with the Yoast SEO plugin v27.4 - https:\/\/yoast.com\/product\/yoast-seo-wordpress\/ -->\n<title>Apoyo para el lupus | We Care For WA Cares<\/title>\n<meta name=\"description\" content=\"Anthony est\u00e1 recibiendo el apoyo que necesita para el lupus gracias a los beneficios de WA Cares. Descubra c\u00f3mo puede obtener cobertura para su afecci\u00f3n preexistente en We Care For WA Cares.\" \/>\n<meta name=\"robots\" content=\"index, follow, max-snippet:-1, max-image-preview:large, max-video-preview:-1\" \/>\n<link rel=\"canonical\" href=\"https:\/\/wecareforwacares.org\/es\/wa-cares-lupus-support\/\" \/>\n<meta property=\"og:locale\" content=\"es_ES\" \/>\n<meta property=\"og:type\" content=\"article\" \/>\n<meta property=\"og:title\" content=\"Apoyo para el lupus | We Care For WA Cares\" \/>\n<meta property=\"og:description\" content=\"Anthony est\u00e1 recibiendo el apoyo que necesita para el lupus gracias a los beneficios de WA Cares. Descubra c\u00f3mo puede obtener cobertura para su afecci\u00f3n preexistente en We Care For WA Cares.\" \/>\n<meta property=\"og:url\" content=\"https:\/\/wecareforwacares.org\/es\/wa-cares-lupus-support\/\" \/>\n<meta property=\"og:site_name\" content=\"We Care for WA Cares\" \/>\n<meta property=\"article:publisher\" content=\"https:\/\/www.facebook.com\/WeCareForWACares\" \/>\n<meta property=\"article:modified_time\" content=\"2023-11-06T00:31:03+00:00\" \/>\n<meta property=\"og:image\" content=\"https:\/\/wecareforwacares.org\/wp-content\/uploads\/2023\/05\/we-care-for-wa-cares-logo-2.jpg\" \/>\n\t<meta property=\"og:image:width\" content=\"1200\" \/>\n\t<meta property=\"og:image:height\" content=\"675\" \/>\n\t<meta property=\"og:image:type\" content=\"image\/jpeg\" \/>\n<meta name=\"twitter:card\" content=\"summary_large_image\" \/>\n<meta name=\"twitter:title\" content=\"Apoyo para el lupus\" \/>\n<meta name=\"twitter:description\" content=\"Anthony est\u00e1 recibiendo el apoyo que necesita para el lupus gracias a los beneficios de WA Cares. Descubra c\u00f3mo puede obtener cobertura para su afecci\u00f3n preexistente en We Care For WA Cares.\" \/>\n<meta name=\"twitter:site\" content=\"@WeCare4WACares\" \/>\n<meta name=\"twitter:label1\" content=\"Tiempo de lectura\" \/>\n\t<meta name=\"twitter:data1\" content=\"4 minutos\" \/>\n<script type=\"application\/ld+json\" class=\"yoast-schema-graph\">{\"@context\":\"https:\\\/\\\/schema.org\",\"@graph\":[{\"@type\":\"WebPage\",\"@id\":\"https:\\\/\\\/wecareforwacares.org\\\/es\\\/wa-cares-lupus-support\\\/\",\"url\":\"https:\\\/\\\/wecareforwacares.org\\\/es\\\/wa-cares-lupus-support\\\/\",\"name\":\"Apoyo para el lupus | We Care For WA Cares\",\"isPartOf\":{\"@id\":\"https:\\\/\\\/wecareforwacares.org\\\/#website\"},\"datePublished\":\"2023-05-03T18:29:22+00:00\",\"dateModified\":\"2023-11-06T00:31:03+00:00\",\"description\":\"Anthony est\u00e1 recibiendo el apoyo que necesita para el lupus gracias a los beneficios de WA Cares. Descubra c\u00f3mo puede obtener cobertura para su afecci\u00f3n preexistente en We Care For WA Cares.\",\"breadcrumb\":{\"@id\":\"https:\\\/\\\/wecareforwacares.org\\\/es\\\/wa-cares-lupus-support\\\/#breadcrumb\"},\"inLanguage\":\"es\",\"potentialAction\":[{\"@type\":\"ReadAction\",\"target\":[\"https:\\\/\\\/wecareforwacares.org\\\/es\\\/wa-cares-lupus-support\\\/\"]}]},{\"@type\":\"BreadcrumbList\",\"@id\":\"https:\\\/\\\/wecareforwacares.org\\\/es\\\/wa-cares-lupus-support\\\/#breadcrumb\",\"itemListElement\":[{\"@type\":\"ListItem\",\"position\":1,\"name\":\"Home\",\"item\":\"https:\\\/\\\/wecareforwacares.org\\\/\"},{\"@type\":\"ListItem\",\"position\":2,\"name\":\"Anthony \u2192 Beneficios de WA Cares &gt; Apoyo de WA Cares para el lupus\"}]},{\"@type\":\"WebSite\",\"@id\":\"https:\\\/\\\/wecareforwacares.org\\\/#website\",\"url\":\"https:\\\/\\\/wecareforwacares.org\\\/\",\"name\":\"We Care for WA Cares\",\"description\":\"70% of us will need long-term care\",\"publisher\":{\"@id\":\"https:\\\/\\\/wecareforwacares.org\\\/#organization\"},\"alternateName\":\"We Care for WA Cares\",\"potentialAction\":[{\"@type\":\"SearchAction\",\"target\":{\"@type\":\"EntryPoint\",\"urlTemplate\":\"https:\\\/\\\/wecareforwacares.org\\\/?s={search_term_string}\"},\"query-input\":{\"@type\":\"PropertyValueSpecification\",\"valueRequired\":true,\"valueName\":\"search_term_string\"}}],\"inLanguage\":\"es\"},{\"@type\":\"Organization\",\"@id\":\"https:\\\/\\\/wecareforwacares.org\\\/#organization\",\"name\":\"We Care for WA Caares\",\"alternateName\":\"We Care for WA Caares\",\"url\":\"https:\\\/\\\/wecareforwacares.org\\\/\",\"logo\":{\"@type\":\"ImageObject\",\"inLanguage\":\"es\",\"@id\":\"https:\\\/\\\/wecareforwacares.org\\\/#\\\/schema\\\/logo\\\/image\\\/\",\"url\":\"https:\\\/\\\/wecareforwacares.org\\\/wp-content\\\/uploads\\\/2023\\\/05\\\/we-care-for-wa-cares-logo.jpg\",\"contentUrl\":\"https:\\\/\\\/wecareforwacares.org\\\/wp-content\\\/uploads\\\/2023\\\/05\\\/we-care-for-wa-cares-logo.jpg\",\"width\":700,\"height\":700,\"caption\":\"We Care for WA Caares\"},\"image\":{\"@id\":\"https:\\\/\\\/wecareforwacares.org\\\/#\\\/schema\\\/logo\\\/image\\\/\"},\"sameAs\":[\"https:\\\/\\\/www.facebook.com\\\/WeCareForWACares\",\"https:\\\/\\\/x.com\\\/WeCare4WACares\",\"https:\\\/\\\/www.youtube.com\\\/channel\\\/UCICpxHAJPKocRrFM3WErRXw\",\"https:\\\/\\\/www.instagram.com\\\/wecare4wacares\\\/\"]}]}<\/script>\n<!-- \/ Yoast SEO plugin. -->","yoast_head_json":{"title":"Apoyo para el lupus | We Care For WA Cares","description":"Anthony est\u00e1 recibiendo el apoyo que necesita para el lupus gracias a los beneficios de WA Cares. Descubra c\u00f3mo puede obtener cobertura para su afecci\u00f3n preexistente en We Care For WA Cares.","robots":{"index":"index","follow":"follow","max-snippet":"max-snippet:-1","max-image-preview":"max-image-preview:large","max-video-preview":"max-video-preview:-1"},"canonical":"https:\/\/wecareforwacares.org\/es\/wa-cares-lupus-support\/","og_locale":"es_ES","og_type":"article","og_title":"Apoyo para el lupus | We Care For WA Cares","og_description":"Anthony est\u00e1 recibiendo el apoyo que necesita para el lupus gracias a los beneficios de WA Cares. Descubra c\u00f3mo puede obtener cobertura para su afecci\u00f3n preexistente en We Care For WA Cares.","og_url":"https:\/\/wecareforwacares.org\/es\/wa-cares-lupus-support\/","og_site_name":"We Care for WA Cares","article_publisher":"https:\/\/www.facebook.com\/WeCareForWACares","article_modified_time":"2023-11-06T00:31:03+00:00","og_image":[{"width":1200,"height":675,"url":"https:\/\/wecareforwacares.org\/wp-content\/uploads\/2023\/05\/we-care-for-wa-cares-logo-2.jpg","type":"image\/jpeg"}],"twitter_card":"summary_large_image","twitter_title":"Apoyo para el lupus","twitter_description":"Anthony est\u00e1 recibiendo el apoyo que necesita para el lupus gracias a los beneficios de WA Cares. Descubra c\u00f3mo puede obtener cobertura para su afecci\u00f3n preexistente en We Care For WA Cares.","twitter_site":"@WeCare4WACares","twitter_misc":{"Tiempo de lectura":"4 minutos"},"schema":{"@context":"https:\/\/schema.org","@graph":[{"@type":"WebPage","@id":"https:\/\/wecareforwacares.org\/es\/wa-cares-lupus-support\/","url":"https:\/\/wecareforwacares.org\/es\/wa-cares-lupus-support\/","name":"Apoyo para el lupus | We Care For WA Cares","isPartOf":{"@id":"https:\/\/wecareforwacares.org\/#website"},"datePublished":"2023-05-03T18:29:22+00:00","dateModified":"2023-11-06T00:31:03+00:00","description":"Anthony est\u00e1 recibiendo el apoyo que necesita para el lupus gracias a los beneficios de WA Cares. Descubra c\u00f3mo puede obtener cobertura para su afecci\u00f3n preexistente en We Care For WA Cares.","breadcrumb":{"@id":"https:\/\/wecareforwacares.org\/es\/wa-cares-lupus-support\/#breadcrumb"},"inLanguage":"es","potentialAction":[{"@type":"ReadAction","target":["https:\/\/wecareforwacares.org\/es\/wa-cares-lupus-support\/"]}]},{"@type":"BreadcrumbList","@id":"https:\/\/wecareforwacares.org\/es\/wa-cares-lupus-support\/#breadcrumb","itemListElement":[{"@type":"ListItem","position":1,"name":"Home","item":"https:\/\/wecareforwacares.org\/"},{"@type":"ListItem","position":2,"name":"Anthony \u2192 Beneficios de WA Cares &gt; Apoyo de WA Cares para el lupus"}]},{"@type":"WebSite","@id":"https:\/\/wecareforwacares.org\/#website","url":"https:\/\/wecareforwacares.org\/","name":"We Care for WA Cares","description":"70% of us will need long-term care","publisher":{"@id":"https:\/\/wecareforwacares.org\/#organization"},"alternateName":"We Care for WA Cares","potentialAction":[{"@type":"SearchAction","target":{"@type":"EntryPoint","urlTemplate":"https:\/\/wecareforwacares.org\/?s={search_term_string}"},"query-input":{"@type":"PropertyValueSpecification","valueRequired":true,"valueName":"search_term_string"}}],"inLanguage":"es"},{"@type":"Organization","@id":"https:\/\/wecareforwacares.org\/#organization","name":"We Care for WA Caares","alternateName":"We Care for WA Caares","url":"https:\/\/wecareforwacares.org\/","logo":{"@type":"ImageObject","inLanguage":"es","@id":"https:\/\/wecareforwacares.org\/#\/schema\/logo\/image\/","url":"https:\/\/wecareforwacares.org\/wp-content\/uploads\/2023\/05\/we-care-for-wa-cares-logo.jpg","contentUrl":"https:\/\/wecareforwacares.org\/wp-content\/uploads\/2023\/05\/we-care-for-wa-cares-logo.jpg","width":700,"height":700,"caption":"We Care for WA Caares"},"image":{"@id":"https:\/\/wecareforwacares.org\/#\/schema\/logo\/image\/"},"sameAs":["https:\/\/www.facebook.com\/WeCareForWACares","https:\/\/x.com\/WeCare4WACares","https:\/\/www.youtube.com\/channel\/UCICpxHAJPKocRrFM3WErRXw","https:\/\/www.instagram.com\/wecare4wacares\/"]}]}},"_links":{"self":[{"href":"https:\/\/wecareforwacares.org\/es\/wp-json\/wp\/v2\/pages\/2901","targetHints":{"allow":["GET"]}}],"collection":[{"href":"https:\/\/wecareforwacares.org\/es\/wp-json\/wp\/v2\/pages"}],"about":[{"href":"https:\/\/wecareforwacares.org\/es\/wp-json\/wp\/v2\/types\/page"}],"author":[{"embeddable":true,"href":"https:\/\/wecareforwacares.org\/es\/wp-json\/wp\/v2\/users\/2"}],"replies":[{"embeddable":true,"href":"https:\/\/wecareforwacares.org\/es\/wp-json\/wp\/v2\/comments?post=2901"}],"version-history":[{"count":5,"href":"https:\/\/wecareforwacares.org\/es\/wp-json\/wp\/v2\/pages\/2901\/revisions"}],"predecessor-version":[{"id":3415,"href":"https:\/\/wecareforwacares.org\/es\/wp-json\/wp\/v2\/pages\/2901\/revisions\/3415"}],"wp:attachment":[{"href":"https:\/\/wecareforwacares.org\/es\/wp-json\/wp\/v2\/media?parent=2901"}],"curies":[{"name":"wp","href":"https:\/\/api.w.org\/{rel}","templated":true}]}}