{"id":2905,"date":"2023-05-03T20:40:28","date_gmt":"2023-05-03T20:40:28","guid":{"rendered":"https:\/\/wecareforwacares.org\/dani-%e2%86%92-beneficios-de-wa-cares-apoyo-de-wa-cares-para-tratar-la-paralisis\/"},"modified":"2023-10-03T01:36:51","modified_gmt":"2023-10-03T01:36:51","slug":"wa-cares-paralysis-support","status":"publish","type":"page","link":"https:\/\/wecareforwacares.org\/es\/wa-cares-paralysis-support\/","title":{"rendered":"Dani \u2192 Beneficios de WA Cares &gt; Apoyo de WA Cares para tratar la par\u00e1lisis"},"content":{"rendered":"\n<div class=\"wp-block-group alignfull lt-blue-wc-white-lg-btm has-neve-link-color-background-color has-background is-layout-constrained wp-block-group-is-layout-constrained\">\n<h1 class=\"wp-block-heading has-text-align-center has-nv-text-dark-bg-color has-neve-link-hover-color-background-color has-text-color has-background\" style=\"padding-top:var(--wp--preset--spacing--30);padding-right:var(--wp--preset--spacing--30);padding-bottom:var(--wp--preset--spacing--30);padding-left:var(--wp--preset--spacing--30)\">WA Cares brindar\u00e1 apoyo a nuestra familia para tratar la par\u00e1lisis<\/h1>\n\n\n\n<figure class=\"wp-block-embed alignwide is-type-video is-provider-youtube wp-block-embed-youtube wp-embed-aspect-16-9 wp-has-aspect-ratio img-shadow\"><div class=\"wp-block-embed__wrapper\">\n<div class=\"nv-iframe-embed\"><iframe loading=\"lazy\" title=\"Dani | Paralysis Support\" width=\"1200\" height=\"675\" src=\"https:\/\/www.youtube.com\/embed\/28DCnqbVtYg?feature=oembed\" frameborder=\"0\" allow=\"accelerometer; autoplay; clipboard-write; encrypted-media; gyroscope; picture-in-picture; web-share\" allowfullscreen><\/iframe><\/div>\n<\/div><\/figure>\n\n\n\n<p><\/p>\n<\/div>\n\n\n\n<div class=\"wp-block-group alignfull is-layout-constrained wp-block-group-is-layout-constrained\">\n<p>Dani nunca imagin\u00f3 que ser\u00eda ella la que necesitar\u00eda cuidado domiciliario. Cuando un procedimiento m\u00e9dico de rutina la dej\u00f3 paralizada, Dani necesit\u00f3 apoyo repentino para tratar la par\u00e1lisis y con las tareas diarias.<\/p>\n\n\n\n<p>Cuando Dani qued\u00f3 paralizada, su hijo ten\u00eda dos a\u00f1os. La \u00fanica opci\u00f3n que ten\u00edan era que su esposo dejara su trabajo para poder proporcionarle apoyo para tratar la par\u00e1lisis. Eso habr\u00eda significado vender su casa y agotar sus ahorros para poder acceder a los servicios de Medicaid.<\/p>\n\n\n\n<figure class=\"wp-block-pullquote alignwide lt-blue-splash\"><blockquote><p>\u201cDurante un procedimiento m\u00e9dico de rutina qued\u00e9 parcialmente paralizada. Como la mayor\u00eda de las familias, no tenemos suficiente dinero para pagar los servicios de un asistente de cuidado domiciliario si lo llegara a necesitar. Ahora, gracias a WA Cares, tenemos m\u00e1s opciones. Cada uno contribuye con una peque\u00f1a cantidad de su sueldo y WA Cares se encargar\u00e1 de pagar un cuidador domiciliario si lo necesitamos. De este modo, Sam puede seguir trabajando, con la tranquilidad de saber que estoy en casa y que recibo la atenci\u00f3n que necesito\u201d.<\/p><cite>\u2013 Dani Rice, Asotin, WA<\/cite><\/blockquote><\/figure>\n\n\n\n<p>Por suerte, Dani y Sam no tuvieron que elegir entre obtener el apoyo adecuado para tratar la par\u00e1lisis y los sue\u00f1os de su familia. WA Cares se asegurar\u00e1 de que dispongan de fondos para apoyar el tratamiento de la par\u00e1lisis de Dani. Ahora tienen la tranquilidad de poder afrontar lo que se les presente.<\/p>\n<\/div>\n\n\n\n<div class=\"wp-block-group alignfull has-custom-1-background-color has-background is-layout-constrained wp-block-group-is-layout-constrained\" style=\"padding-top:var(--wp--preset--spacing--50);padding-bottom:var(--wp--preset--spacing--60)\">\n<h2 class=\"wp-block-heading\"><strong>La historia de Dani<\/strong><\/h2>\n\n\n\n<p>Me somet\u00ed a un procedimiento m\u00e9dico de rutina cuando ten\u00eda 30&nbsp;a\u00f1os. Sal\u00ed del hospital con una par\u00e1lisis permanente en el lado izquierdo del cuerpo y tendr\u00e9 que utilizar una silla de ruedas el resto de mi vida. Nuestro hijo solo ten\u00eda dos a\u00f1os.<\/p>\n\n\n\n<p>Cuando eres joven, no te imaginas necesitar ayuda para tareas b\u00e1sicas como vestirte, ba\u00f1arte, hacer la comida y moverte. Nunca pens\u00e9 que alg\u00fan d\u00eda ser\u00eda yo la que necesitar\u00eda un cuidador, y mucho menos apoyo para tratar la par\u00e1lisis.<\/p>\n\n\n\n<p><strong>Si Sam tiene que dejar su trabajo para convertirse en mi cuidador, tendr\u00edamos que vender nuestra casa y nuestros ahorros ser\u00edan inexistentes. No s\u00e9 c\u00f3mo lo conseguir\u00edamos financieramente.<\/strong><\/p>\n\n\n\n<p>Con mis continuas necesidades m\u00e9dicas, nos hemos dado cuenta de que ni siquiera un seguro m\u00e9dico realmente bueno cubre el cuidado a largo plazo. Y hemos visto c\u00f3mo mis abuelos tuvieron que agotar sus ahorros ganados con esfuerzo y vender todos sus bienes para cumplir los requisitos de Medicaid.<\/p>\n\n\n\n<figure class=\"wp-block-pullquote alignwide\"><blockquote><p>\u201cNunca imaginamos que necesitar\u00edamos WA Cares. Est\u00e1bamos equivocados\u201d.<\/p><\/blockquote><\/figure>\n\n\n\n<p><strong>Afortunadamente existe WA Cares para brindar <\/strong><strong>apoyo para tratar la par\u00e1lisis<\/strong><strong>.<\/strong><\/p>\n\n\n\n<p>Nos encant\u00f3 saber que Washington cre\u00f3 el Fondo de WA Cares. Se trata de una red de seguridad para ayudar a las familias trabajadoras como la nuestra a cubrir los costos de los servicios de cuidado necesarios para apoyar el tratamiento de la par\u00e1lisis. Tambi\u00e9n nos cubre por una lesi\u00f3n, enfermedad, o las limitaciones normales que aparecen con la edad.<\/p>\n\n\n\n<p><strong>Podremos recurrir a nuestros fondos de WA Cares para pagar los servicios de cuidado domiciliario. <\/strong><\/p>\n\n\n\n<p>A partir del a\u00f1o que viene, contribuiremos mediante un descuento de n\u00f3mina de 58\u00a0centavos por cada $100 ganados. Eso supone unos $290 para m\u00ed, que gano $50,000 al a\u00f1o. Entonces, una vez que tengamos derecho pleno, seremos elegibles para recibir $36,500 (que aumentar\u00e1n seg\u00fan las tasas de inflaci\u00f3n econ\u00f3mica) en beneficios. Podemos utilizar estos fondos para cubrir una amplia gama de servicios. WA Cares puede ayudarnos pagando a cuidadores familiares, contratando asistentes de cuidado domiciliario, haciendo adaptaciones en el hogar o comprando equipos m\u00e9dicos.<\/p>\n\n\n\n<p><strong>WA Cares estar\u00e1 ah\u00ed cuando lo necesitemos.<\/strong><\/p>\n\n\n\n<p>Afortunadamente para Sam, para m\u00ed y para otros trabajadores de Washington, tendremos una opci\u00f3n que nuestros abuelos no tuvieron. WA Cares es un fondo garantizado que estar\u00e1 ah\u00ed cuando lo necesitemos, para que podamos quedarnos en nuestra casa el mayor tiempo posible.<\/p>\n<\/div>\n\n\n\n<div class=\"wp-block-group is-layout-constrained wp-block-group-is-layout-constrained\">\n<h2 class=\"wp-block-heading has-text-align-center has-nv-dark-bg-color has-text-color\" id=\"shareyourstory\">Cu\u00e9ntenos c\u00f3mo WA Cares ayudar\u00e1 a su familia<\/h2>\n\n\n\n<div class=\"wp-block-group is-layout-constrained wp-block-group-is-layout-constrained\">\n<iframe loading=\"lazy\" title=\"Video Ask\" src=\"https:\/\/www.videoask.com\/fd4mbf05x\" allow=\"camera *; microphone *; autoplay *; encrypted-media *; fullscreen *; display-capture *;\" width=\"100%\" height=\"600px\" style=\"border: none; border-radius: 24px;\"><\/iframe>\n<\/div>\n\n\n\n<p class=\"has-text-align-center has-link-color wp-elements-9a622af5781e2a365ef275ea6f975269\">Obtenga m\u00e1s informaci\u00f3n sobre <a href=\"https:\/\/wecareforwacares.org\/es\/wa-cares-fund\/\">c\u00f3mo el Fondo de WA Cares est\u00e1 proporcionando apoyo a los habitantes de Washington para tratar la par\u00e1lisis<\/a>. <\/p>\n<\/div>\n","protected":false},"excerpt":{"rendered":"<p>WA Cares brindar\u00e1 apoyo a nuestra familia para tratar la par\u00e1lisis Dani nunca imagin\u00f3 que ser\u00eda ella la que necesitar\u00eda cuidado domiciliario. Cuando un procedimiento m\u00e9dico de rutina la dej\u00f3 paralizada, Dani necesit\u00f3 apoyo repentino para tratar la par\u00e1lisis y con las tareas diarias. Cuando Dani qued\u00f3 paralizada, su hijo ten\u00eda dos a\u00f1os. La \u00fanica&hellip;&nbsp;<\/p>\n","protected":false},"author":2,"featured_media":0,"parent":0,"menu_order":0,"comment_status":"closed","ping_status":"closed","template":"","meta":{"inline_featured_image":false,"neve_meta_sidebar":"","neve_meta_container":"","neve_meta_enable_content_width":"","neve_meta_content_width":0,"neve_meta_title_alignment":"","neve_meta_author_avatar":"","neve_post_elements_order":"","neve_meta_disable_header":"","neve_meta_disable_footer":"","neve_meta_disable_title":"","neve_meta_reading_time":"","footnotes":""},"class_list":["post-2905","page","type-page","status-publish","hentry"],"yoast_head":"<!-- This site is optimized with the Yoast SEO plugin v27.4 - https:\/\/yoast.com\/product\/yoast-seo-wordpress\/ -->\n<title>Apoyo para tratar la par\u00e1lisis y beneficios de la WA Cares Act (Ley de WA Cares) | We Care For WA Cares<\/title>\n<meta name=\"description\" content=\"Los beneficios de Wa Cares proporcionan apoyo para tratar la par\u00e1lisis en familias trabajadoras como la de Dani. We Care For WA Cares tiene informaci\u00f3n detallada sobre c\u00f3mo puede obtener atenci\u00f3n domiciliaria cuando la necesite.\" \/>\n<meta name=\"robots\" content=\"index, follow, max-snippet:-1, max-image-preview:large, max-video-preview:-1\" \/>\n<link rel=\"canonical\" href=\"https:\/\/wecareforwacares.org\/es\/wa-cares-paralysis-support\/\" \/>\n<meta property=\"og:locale\" content=\"es_ES\" \/>\n<meta property=\"og:type\" content=\"article\" \/>\n<meta property=\"og:title\" content=\"Apoyo para tratar la par\u00e1lisis y beneficios de la WA Cares Act (Ley de WA Cares) | We Care For WA Cares\" \/>\n<meta property=\"og:description\" content=\"Los beneficios de Wa Cares proporcionan apoyo para tratar la par\u00e1lisis en familias trabajadoras como la de Dani. We Care For WA Cares tiene informaci\u00f3n detallada sobre c\u00f3mo puede obtener atenci\u00f3n domiciliaria cuando la necesite.\" \/>\n<meta property=\"og:url\" content=\"https:\/\/wecareforwacares.org\/es\/wa-cares-paralysis-support\/\" \/>\n<meta property=\"og:site_name\" content=\"We Care for WA Cares\" \/>\n<meta property=\"article:publisher\" content=\"https:\/\/www.facebook.com\/WeCareForWACares\" \/>\n<meta property=\"article:modified_time\" content=\"2023-10-03T01:36:51+00:00\" \/>\n<meta property=\"og:image\" content=\"https:\/\/wecareforwacares.org\/wp-content\/uploads\/2023\/05\/we-care-for-wa-cares-logo-2.jpg\" \/>\n\t<meta property=\"og:image:width\" content=\"1200\" \/>\n\t<meta property=\"og:image:height\" content=\"675\" \/>\n\t<meta property=\"og:image:type\" content=\"image\/jpeg\" \/>\n<meta name=\"twitter:card\" content=\"summary_large_image\" \/>\n<meta name=\"twitter:title\" content=\"Apoyo para tratar la par\u00e1lisis y beneficios de la WA Cares Act (Ley de WA Cares)\" \/>\n<meta name=\"twitter:description\" content=\"Los beneficios de Wa Cares proporcionan apoyo para tratar la par\u00e1lisis en familias trabajadoras como la de Dani. We Care For WA Cares tiene informaci\u00f3n detallada sobre c\u00f3mo puede obtener atenci\u00f3n domiciliaria cuando la necesite.\" \/>\n<meta name=\"twitter:site\" content=\"@WeCare4WACares\" \/>\n<meta name=\"twitter:label1\" content=\"Tiempo de lectura\" \/>\n\t<meta name=\"twitter:data1\" content=\"3 minutos\" \/>\n<script type=\"application\/ld+json\" class=\"yoast-schema-graph\">{\"@context\":\"https:\\\/\\\/schema.org\",\"@graph\":[{\"@type\":\"WebPage\",\"@id\":\"https:\\\/\\\/wecareforwacares.org\\\/es\\\/wa-cares-paralysis-support\\\/\",\"url\":\"https:\\\/\\\/wecareforwacares.org\\\/es\\\/wa-cares-paralysis-support\\\/\",\"name\":\"Apoyo para tratar la par\u00e1lisis y beneficios de la WA Cares Act (Ley de WA Cares) | We Care For WA Cares\",\"isPartOf\":{\"@id\":\"https:\\\/\\\/wecareforwacares.org\\\/#website\"},\"datePublished\":\"2023-05-03T20:40:28+00:00\",\"dateModified\":\"2023-10-03T01:36:51+00:00\",\"description\":\"Los beneficios de Wa Cares proporcionan apoyo para tratar la par\u00e1lisis en familias trabajadoras como la de Dani. We Care For WA Cares tiene informaci\u00f3n detallada sobre c\u00f3mo puede obtener atenci\u00f3n domiciliaria cuando la necesite.\",\"breadcrumb\":{\"@id\":\"https:\\\/\\\/wecareforwacares.org\\\/es\\\/wa-cares-paralysis-support\\\/#breadcrumb\"},\"inLanguage\":\"es\",\"potentialAction\":[{\"@type\":\"ReadAction\",\"target\":[\"https:\\\/\\\/wecareforwacares.org\\\/es\\\/wa-cares-paralysis-support\\\/\"]}]},{\"@type\":\"BreadcrumbList\",\"@id\":\"https:\\\/\\\/wecareforwacares.org\\\/es\\\/wa-cares-paralysis-support\\\/#breadcrumb\",\"itemListElement\":[{\"@type\":\"ListItem\",\"position\":1,\"name\":\"Home\",\"item\":\"https:\\\/\\\/wecareforwacares.org\\\/\"},{\"@type\":\"ListItem\",\"position\":2,\"name\":\"Dani \u2192 Beneficios de WA Cares &gt; Apoyo de WA Cares para tratar la par\u00e1lisis\"}]},{\"@type\":\"WebSite\",\"@id\":\"https:\\\/\\\/wecareforwacares.org\\\/#website\",\"url\":\"https:\\\/\\\/wecareforwacares.org\\\/\",\"name\":\"We Care for WA Cares\",\"description\":\"70% of us will need long-term care\",\"publisher\":{\"@id\":\"https:\\\/\\\/wecareforwacares.org\\\/#organization\"},\"alternateName\":\"We Care for WA Cares\",\"potentialAction\":[{\"@type\":\"SearchAction\",\"target\":{\"@type\":\"EntryPoint\",\"urlTemplate\":\"https:\\\/\\\/wecareforwacares.org\\\/?s={search_term_string}\"},\"query-input\":{\"@type\":\"PropertyValueSpecification\",\"valueRequired\":true,\"valueName\":\"search_term_string\"}}],\"inLanguage\":\"es\"},{\"@type\":\"Organization\",\"@id\":\"https:\\\/\\\/wecareforwacares.org\\\/#organization\",\"name\":\"We Care for WA Caares\",\"alternateName\":\"We Care for WA Caares\",\"url\":\"https:\\\/\\\/wecareforwacares.org\\\/\",\"logo\":{\"@type\":\"ImageObject\",\"inLanguage\":\"es\",\"@id\":\"https:\\\/\\\/wecareforwacares.org\\\/#\\\/schema\\\/logo\\\/image\\\/\",\"url\":\"https:\\\/\\\/wecareforwacares.org\\\/wp-content\\\/uploads\\\/2023\\\/05\\\/we-care-for-wa-cares-logo.jpg\",\"contentUrl\":\"https:\\\/\\\/wecareforwacares.org\\\/wp-content\\\/uploads\\\/2023\\\/05\\\/we-care-for-wa-cares-logo.jpg\",\"width\":700,\"height\":700,\"caption\":\"We Care for WA Caares\"},\"image\":{\"@id\":\"https:\\\/\\\/wecareforwacares.org\\\/#\\\/schema\\\/logo\\\/image\\\/\"},\"sameAs\":[\"https:\\\/\\\/www.facebook.com\\\/WeCareForWACares\",\"https:\\\/\\\/x.com\\\/WeCare4WACares\",\"https:\\\/\\\/www.youtube.com\\\/channel\\\/UCICpxHAJPKocRrFM3WErRXw\",\"https:\\\/\\\/www.instagram.com\\\/wecare4wacares\\\/\"]}]}<\/script>\n<!-- \/ Yoast SEO plugin. -->","yoast_head_json":{"title":"Apoyo para tratar la par\u00e1lisis y beneficios de la WA Cares Act (Ley de WA Cares) | We Care For WA Cares","description":"Los beneficios de Wa Cares proporcionan apoyo para tratar la par\u00e1lisis en familias trabajadoras como la de Dani. We Care For WA Cares tiene informaci\u00f3n detallada sobre c\u00f3mo puede obtener atenci\u00f3n domiciliaria cuando la necesite.","robots":{"index":"index","follow":"follow","max-snippet":"max-snippet:-1","max-image-preview":"max-image-preview:large","max-video-preview":"max-video-preview:-1"},"canonical":"https:\/\/wecareforwacares.org\/es\/wa-cares-paralysis-support\/","og_locale":"es_ES","og_type":"article","og_title":"Apoyo para tratar la par\u00e1lisis y beneficios de la WA Cares Act (Ley de WA Cares) | We Care For WA Cares","og_description":"Los beneficios de Wa Cares proporcionan apoyo para tratar la par\u00e1lisis en familias trabajadoras como la de Dani. We Care For WA Cares tiene informaci\u00f3n detallada sobre c\u00f3mo puede obtener atenci\u00f3n domiciliaria cuando la necesite.","og_url":"https:\/\/wecareforwacares.org\/es\/wa-cares-paralysis-support\/","og_site_name":"We Care for WA Cares","article_publisher":"https:\/\/www.facebook.com\/WeCareForWACares","article_modified_time":"2023-10-03T01:36:51+00:00","og_image":[{"width":1200,"height":675,"url":"https:\/\/wecareforwacares.org\/wp-content\/uploads\/2023\/05\/we-care-for-wa-cares-logo-2.jpg","type":"image\/jpeg"}],"twitter_card":"summary_large_image","twitter_title":"Apoyo para tratar la par\u00e1lisis y beneficios de la WA Cares Act (Ley de WA Cares)","twitter_description":"Los beneficios de Wa Cares proporcionan apoyo para tratar la par\u00e1lisis en familias trabajadoras como la de Dani. We Care For WA Cares tiene informaci\u00f3n detallada sobre c\u00f3mo puede obtener atenci\u00f3n domiciliaria cuando la necesite.","twitter_site":"@WeCare4WACares","twitter_misc":{"Tiempo de lectura":"3 minutos"},"schema":{"@context":"https:\/\/schema.org","@graph":[{"@type":"WebPage","@id":"https:\/\/wecareforwacares.org\/es\/wa-cares-paralysis-support\/","url":"https:\/\/wecareforwacares.org\/es\/wa-cares-paralysis-support\/","name":"Apoyo para tratar la par\u00e1lisis y beneficios de la WA Cares Act (Ley de WA Cares) | We Care For WA Cares","isPartOf":{"@id":"https:\/\/wecareforwacares.org\/#website"},"datePublished":"2023-05-03T20:40:28+00:00","dateModified":"2023-10-03T01:36:51+00:00","description":"Los beneficios de Wa Cares proporcionan apoyo para tratar la par\u00e1lisis en familias trabajadoras como la de Dani. We Care For WA Cares tiene informaci\u00f3n detallada sobre c\u00f3mo puede obtener atenci\u00f3n domiciliaria cuando la necesite.","breadcrumb":{"@id":"https:\/\/wecareforwacares.org\/es\/wa-cares-paralysis-support\/#breadcrumb"},"inLanguage":"es","potentialAction":[{"@type":"ReadAction","target":["https:\/\/wecareforwacares.org\/es\/wa-cares-paralysis-support\/"]}]},{"@type":"BreadcrumbList","@id":"https:\/\/wecareforwacares.org\/es\/wa-cares-paralysis-support\/#breadcrumb","itemListElement":[{"@type":"ListItem","position":1,"name":"Home","item":"https:\/\/wecareforwacares.org\/"},{"@type":"ListItem","position":2,"name":"Dani \u2192 Beneficios de WA Cares &gt; Apoyo de WA Cares para tratar la par\u00e1lisis"}]},{"@type":"WebSite","@id":"https:\/\/wecareforwacares.org\/#website","url":"https:\/\/wecareforwacares.org\/","name":"We Care for WA Cares","description":"70% of us will need long-term care","publisher":{"@id":"https:\/\/wecareforwacares.org\/#organization"},"alternateName":"We Care for WA Cares","potentialAction":[{"@type":"SearchAction","target":{"@type":"EntryPoint","urlTemplate":"https:\/\/wecareforwacares.org\/?s={search_term_string}"},"query-input":{"@type":"PropertyValueSpecification","valueRequired":true,"valueName":"search_term_string"}}],"inLanguage":"es"},{"@type":"Organization","@id":"https:\/\/wecareforwacares.org\/#organization","name":"We Care for WA Caares","alternateName":"We Care for WA Caares","url":"https:\/\/wecareforwacares.org\/","logo":{"@type":"ImageObject","inLanguage":"es","@id":"https:\/\/wecareforwacares.org\/#\/schema\/logo\/image\/","url":"https:\/\/wecareforwacares.org\/wp-content\/uploads\/2023\/05\/we-care-for-wa-cares-logo.jpg","contentUrl":"https:\/\/wecareforwacares.org\/wp-content\/uploads\/2023\/05\/we-care-for-wa-cares-logo.jpg","width":700,"height":700,"caption":"We Care for WA Caares"},"image":{"@id":"https:\/\/wecareforwacares.org\/#\/schema\/logo\/image\/"},"sameAs":["https:\/\/www.facebook.com\/WeCareForWACares","https:\/\/x.com\/WeCare4WACares","https:\/\/www.youtube.com\/channel\/UCICpxHAJPKocRrFM3WErRXw","https:\/\/www.instagram.com\/wecare4wacares\/"]}]}},"_links":{"self":[{"href":"https:\/\/wecareforwacares.org\/es\/wp-json\/wp\/v2\/pages\/2905","targetHints":{"allow":["GET"]}}],"collection":[{"href":"https:\/\/wecareforwacares.org\/es\/wp-json\/wp\/v2\/pages"}],"about":[{"href":"https:\/\/wecareforwacares.org\/es\/wp-json\/wp\/v2\/types\/page"}],"author":[{"embeddable":true,"href":"https:\/\/wecareforwacares.org\/es\/wp-json\/wp\/v2\/users\/2"}],"replies":[{"embeddable":true,"href":"https:\/\/wecareforwacares.org\/es\/wp-json\/wp\/v2\/comments?post=2905"}],"version-history":[{"count":3,"href":"https:\/\/wecareforwacares.org\/es\/wp-json\/wp\/v2\/pages\/2905\/revisions"}],"predecessor-version":[{"id":3326,"href":"https:\/\/wecareforwacares.org\/es\/wp-json\/wp\/v2\/pages\/2905\/revisions\/3326"}],"wp:attachment":[{"href":"https:\/\/wecareforwacares.org\/es\/wp-json\/wp\/v2\/media?parent=2905"}],"curies":[{"name":"wp","href":"https:\/\/api.w.org\/{rel}","templated":true}]}}