{"id":2909,"date":"2023-05-03T20:46:21","date_gmt":"2023-05-03T20:46:21","guid":{"rendered":"https:\/\/wecareforwacares.org\/alyssa-%e2%86%92-beneficios-de-wa-cares-apoyo-de-atencion-domiciliaria-de-wa-cares\/"},"modified":"2023-11-06T00:35:20","modified_gmt":"2023-11-06T00:35:20","slug":"home-care-support","status":"publish","type":"page","link":"https:\/\/wecareforwacares.org\/es\/home-care-support\/","title":{"rendered":"Alyssa \u2192 Beneficios de WA Cares &gt; Apoyo de cuidado domiciliario de WA Cares"},"content":{"rendered":"\n<div class=\"wp-block-group alignfull lt-blue-wc-white-lg-btm has-neve-link-color-background-color has-background is-layout-constrained wp-block-group-is-layout-constrained\">\n<h1 class=\"wp-block-heading has-text-align-center has-nv-text-dark-bg-color has-neve-link-hover-color-background-color has-text-color has-background\" style=\"padding-top:var(--wp--preset--spacing--30);padding-right:var(--wp--preset--spacing--30);padding-bottom:var(--wp--preset--spacing--30);padding-left:var(--wp--preset--spacing--30)\">Ahora todos los trabajadores de Washington pueden recibir el apoyo de cuidado domiciliario cuando lo necesiten<\/h1>\n\n\n\n<figure class=\"wp-block-embed alignwide is-type-video is-provider-youtube wp-block-embed-youtube wp-embed-aspect-16-9 wp-has-aspect-ratio img-shadow\" style=\"margin-bottom:var(--wp--preset--spacing--60)\"><div class=\"wp-block-embed__wrapper\">\r\n<div class=\"nv-iframe-embed\"><iframe loading=\"lazy\" title=\"Alyssa | Home Care Support\" width=\"1200\" height=\"675\" src=\"https:\/\/www.youtube.com\/embed\/v_kDDRzDxwM?feature=oembed\" frameborder=\"0\" allow=\"accelerometer; autoplay; clipboard-write; encrypted-media; gyroscope; picture-in-picture; web-share\" allowfullscreen><\/iframe><\/div>\r\n<\/div><\/figure>\r\n<\/div>\n\n<div class=\"wp-block-group alignfull is-layout-constrained wp-block-group-is-layout-constrained\">\n<p>En su familia, Alyssa es la tercera generaci\u00f3n de cuidadoras. Desde hace m\u00e1s de 15\u00a0a\u00f1os brinda apoyo a trav\u00e9s del cuidado domiciliario a las personas en Washington. Despu\u00e9s de ver a muchos de sus clientes que necesitaban todo tipo de ayuda, Alyssa empez\u00f3 a pensar en su propia vida. \u00bfC\u00f3mo podr\u00eda Alyssa pagar el apoyo de cuidado domiciliario para su madre si lo llegara a necesitar antes de que se jubile? \u00bfPodr\u00e1 conseguir apoyo de cuidado domiciliario de su propia hija cuando lo necesite?<\/p>\n\n\n\n<figure class=\"wp-block-pullquote alignwide lt-blue-splash\"><blockquote><p>\u201cEl Fondo de Washington Cares es un gran alivio para m\u00ed. Ahora s\u00e9 que si mi madre necesita cuidado domiciliario antes de que me jubile, no perder\u00e9 mis ingresos por cuidarla. Incluso podemos utilizar el dinero de Washington Cares para contratar a un familiar y que sea su cuidador\u201d.<\/p><cite>Alyssa, Sedro-Wooley, WA<\/cite><\/blockquote><\/figure>\n\n\n\n<p>Todas estas preocupaciones ya no desvelan a Alyssa. Gracias a los beneficios de WA Cares, pronto toda su familia podr\u00e1 pagar el apoyo de cuidado domiciliario cuando lo necesiten. Ahora Alyssa se puede centrar en ser la cuidadora mejor pagada para sus pacientes. Tiene la tranquilidad de saber que su familia recibir\u00e1 cuidados de calidad en casa, cuando los necesiten.<\/p>\n<\/div>\n\n<div class=\"wp-block-group alignfull has-custom-1-background-color has-background is-layout-constrained wp-block-group-is-layout-constrained\" style=\"padding-top:var(--wp--preset--spacing--50);padding-bottom:var(--wp--preset--spacing--60)\">\n<h2 class=\"wp-block-heading has-nv-dark-bg-color has-text-color\">La historia de Alyssa<\/h2>\n\n\n\n<p>Provengo de una larga descendencia de cuidadoras. Cuando yo era ni\u00f1a, mi madre era cuidadora; as\u00ed como mi abuela. Hace 15\u00a0a\u00f1os que me dedico profesionalmente a ello.<\/p>\n\n\n\n<p>Algunas personas piensan que el cuidado a largo plazo es solo para personas de edad avanzada o con alguna discapacidad.<\/p>\n\n\n\n<p>El cliente al que brindo cuidado actualmente nunca pens\u00f3 que necesitar\u00eda apoyo de cuidado domiciliario a largo plazo. Era camionero, un d\u00eda sufri\u00f3 un infarto y le diagnosticaron diabetes despu\u00e9s de estar en el hospital. No solo perdi\u00f3 su capacidad para trabajar, sino tambi\u00e9n su pasi\u00f3n. Empez\u00f3 a deteriorarse f\u00edsicamente y mentalmente, nunca pens\u00f3 que eso le ocurrir\u00eda a una edad temprana.<\/p>\n\n\n\n<p>Cuando pienso en el cuidado a largo plazo y las implicaciones para mi familia, no quiero que mi hija tenga que asumir la carga que implica mi cuidado domiciliaria. Pero s\u00e9 que es la realidad, as\u00ed que debemos tener esas conversaciones.<\/p>\n\n\n\n<p>Somos una familia multigeneracional de cuidadoras. Mi madre y yo llevamos 30\u00a0a\u00f1os hablando sobre lo que ella quiere cuando necesite apoyo de cuidado domiciliario a largo plazo.\u00a0 Ahora, como madre soltera, pienso m\u00e1s en lo que yo me gustar\u00eda.<\/p>\n\n\n\n<p>Mi madre dice: \u201ccuando llegue el momento, me mudar\u00e9 contigo\u201d. Pero nunca hablamos de lo que eso cuesta. O de qu\u00e9 pasar\u00e1 si ella necesita cuidado antes de que yo me jubile. Ninguna de las dos estamos preparadas financieramente para eso.<\/p>\n\n\n\n<figure class=\"wp-block-pullquote alignwide\"><blockquote><p>\u201cSi mi madre necesita cuidado antes de que me jubile, tendr\u00e9 que dejar mi trabajo para cuidarla. No estoy preparada financieramente para eso. Ella no gana mucho m\u00e1s dinero que yo, as\u00ed que tampoco est\u00e1 preparada financieramente para eso\u201d.<\/p><\/blockquote><\/figure>\n\n\n\n<p>El Fondo de Washington Cares es un gran alivio para m\u00ed.  Ahora s\u00e9 que si mi madre necesita apoyo de cuidado domiciliario antes de que me jubile, no perder\u00e9 mis ingresos por cuidarla. Incluso podemos utilizar el dinero de Washington Cares para contratar a un familiar y que sea su cuidador.<\/p>\n\n\n\n<p>El Fondo de Washington Cares proporcionar\u00e1 a personas como nosotros (trabajadores de Washington) fondos flexibles para asistentes de apoyo de cuidado domiciliario, la adaptaci\u00f3n de nuestro hogar o equipos m\u00e9dicos. De ese modo, podremos quedarnos en nuestra casa, donde la mayor\u00eda de nosotros queremos estar.<\/p>\n\n\n\n<p>Cuando se anunci\u00f3 WA Cares, el empleador de mi madre le entreg\u00f3 un paquete y le dijo: \u201cPuede optar por no continuar si contrata este seguro de cuidado a largo plazo\u201d. Ella lo investig\u00f3 y descubri\u00f3 que su p\u00f3liza le costar\u00eda $400 al mes.<\/p>\n\n\n\n<p>Incluso si hubiera podido pagar esa p\u00f3liza corporativa, no hab\u00eda absolutamente ninguna garant\u00eda de que yo pudiera ser su cuidadora. Y esa era una cuesti\u00f3n muy importante para nosotros, que yo pudiera ser quien la cuidara.&#13;\nAhora me siento segura de poder seguir trabajando y cuidar de los dem\u00e1s, sabiendo que mi madre y mi hija (y yo) recibiremos el apoyo de cuidado domiciliario que necesitamos, cuando sea necesario.<\/p>\n\n\n\n<details class=\"wp-block-stackable-accordion stk-block-accordion stk-inner-blocks has-text-align-left stk-block-content stk-block stk-51b60b4 stk-block-background is-style-default stk--no-padding\" data-block-id=\"51b60b4\"><style>.stk-51b60b4{background-color:var(--nv-primary-accent) !important;border-radius:8px !important;overflow:hidden !important;min-height:0px !important;margin-top:32px !important;margin-bottom:48px !important}.stk-51b60b4:before{background-color:var(--nv-primary-accent) !important}<\/style>\n<summary class=\"wp-block-stackable-column stk-block-column stk-column stk-block stk-6dee112 stk--container-small stk-block-accordion__heading\" data-v=\"4\" data-block-id=\"6dee112\"><style>.stk-6dee112-container{padding-top:0% !important;padding-right:30% !important;padding-bottom:0% !important;padding-left:30% !important}<\/style><div class=\"stk-column-wrapper stk-block-column__content stk-container stk-6dee112-container stk--no-background stk--no-padding\"><div class=\"stk-block-content stk-inner-blocks stk-6dee112-inner-blocks\">\n<div class=\"wp-block-stackable-icon-label stk-block-icon-label stk-block stk-f180e0e\" data-block-id=\"f180e0e\"><div class=\"stk-row stk-inner-blocks stk-block-content\">\n<div class=\"wp-block-stackable-heading stk-block-heading stk-block-heading--v2 stk-block stk-1d79265\" id=\"video-transcript\" data-block-id=\"1d79265\"><style>.stk-1d79265 .stk-block-heading__text{font-size:16px !important;color:var(--nv-text-dark-bg) !important}@media screen and (max-width:1023px){.stk-1d79265 .stk-block-heading__text{font-size:16px !important}}<\/style><h3 class=\"stk-block-heading__text has-text-color has-nv-text-dark-bg-color\">Transcripci\u00f3n del video<\/h3><\/div>\n\n\n\n<div class=\"wp-block-stackable-icon stk-block-icon stk-block stk-97c114e\" data-block-id=\"97c114e\"><style>.stk-97c114e .stk--svg-wrapper .stk--inner-svg svg:last-child,.stk-97c114e .stk--svg-wrapper .stk--inner-svg svg:last-child :is(g,path,rect,polygon,ellipse){fill:var(--nv-text-dark-bg) !important}.stk-97c114e .stk--svg-wrapper .stk--inner-svg{border-top-width:0px !important;border-right-width:0px !important;border-bottom-width:0px !important;border-left-width:0px !important}<\/style><span class=\"stk--svg-wrapper\"><div class=\"stk--inner-svg\"><svg style=\"height:0;width:0\"><defs><lineargradient id=\"linear-gradient-97c114e\" x1=\"0\" x2=\"100%\" y1=\"0\" y2=\"0\"><stop offset=\"0%\" style=\"stop-opacity:1;stop-color:var(--linear-gradient-97-c-114-e-color-1)\"><\/stop><stop offset=\"100%\" style=\"stop-opacity:1;stop-color:var(--linear-gradient-97-c-114-e-color-2)\"><\/stop><\/lineargradient><\/defs><\/svg><svg data-prefix=\"fas\" data-icon=\"chevron-down\" class=\"svg-inline--fa fa-chevron-down fa-w-14\" xmlns=\"http:\/\/www.w3.org\/2000\/svg\" viewbox=\"0 0 448 512\" aria-hidden=\"true\" width=\"32\" height=\"32\"><path fill=\"currentColor\" d=\"M207.029 381.476L12.686 187.132c-9.373-9.373-9.373-24.569 0-33.941l22.667-22.667c9.357-9.357 24.522-9.375 33.901-.04L224 284.505l154.745-154.021c9.379-9.335 24.544-9.317 33.901.04l22.667 22.667c9.373 9.373 9.373 24.569 0 33.941L240.971 381.476c-9.373 9.372-24.569 9.372-33.942 0z\"><\/path><\/svg><\/div><\/span><\/div>\n<\/div><\/div>\n<\/div><\/div><\/summary>\n\n\n\n<div class=\"wp-block-stackable-column stk-block-column stk-column stk-block stk-1451b4e stk-block-accordion__content\" data-v=\"4\" data-block-id=\"1451b4e\"><div class=\"stk-column-wrapper stk-block-column__content stk-container stk-1451b4e-container stk--no-background stk--no-padding\"><div class=\"stk-block-content stk-inner-blocks stk-1451b4e-inner-blocks\">\n<p class=\"has-nv-text-dark-bg-color has-text-color\">Mi nombre es Alyssa Evans. He sido asistente de cuidado domiciliario en Sedro Woolley, Washington, por casi 15\u00a0a\u00f1os. Provengo de una larga descendencia de cuidadoras. Cuando yo era ni\u00f1a, mi madre era cuidadora; as\u00ed como mi abuela. Y me dije: \u201cEst\u00e1 bien, me puedo dedicar a eso\u201d.\u00a0<\/p>\n\n\n\n<p class=\"has-nv-text-dark-bg-color has-text-color\">El cliente al que brindo cuidado actualmente nunca pens\u00f3 que necesitar\u00eda cuidado a largo plazo. Era camionero y no consideraba que su trabajo requiriera mucho esfuerzo f\u00edsico. Un d\u00eda sufri\u00f3 un infarto, y durante la hospitalizaci\u00f3n, se enter\u00f3 de que era diab\u00e9tico. Le quitaron su licencia CDL, lo que signific\u00f3 perder su empleo y su capacidad para trabajar. A partir de ah\u00ed empez\u00f3 a decaer. No se imaginaba que eso pudiera pasarle a una edad temprana.\u00a0<\/p>\n\n\n\n<p class=\"has-nv-text-dark-bg-color has-text-color\">Soy madre soltera y creo que ser cuidadora, especialmente la tercera generaci\u00f3n de cuidadoras, y haber pasado los \u00faltimos 30\u00a0a\u00f1os hablando con mi madre sobre sus necesidades de cuidado a largo plazo y lo que ella quiere, me hizo pensar en lo que yo quiero. Creo que es una conversaci\u00f3n que m\u00e1s familias necesitan tener.\u00a0<\/p>\n\n\n\n<p class=\"has-nv-text-dark-bg-color has-text-color\">Si mi madre tuviera que asumir los gastos o necesitara cuidado antes de que me jubile, tendr\u00eda que dejar mi trabajo para cuidarla. Y no estoy preparada financieramente para eso. Ella no gana mucho m\u00e1s dinero que yo, as\u00ed que tampoco est\u00e1 preparada financieramente para eso. Era madre soltera, nos educ\u00f3 sola a mis hermanos y a m\u00ed. Algo que nunca hab\u00edamos considerado era el costo del servicio de cuidado.\u00a0<\/p>\n\n\n\n<p class=\"has-nv-text-dark-bg-color has-text-color\">Y ahora que estas conversiones son m\u00e1s comunes en nuestra familia, debido a Washington Cares, es un alivio inmenso saber que se implementar\u00e1, porque ahora s\u00e9 que si mi madre necesita cuidado antes de que me jubile, no perder\u00e9 mis ingresos por cuidarla.<\/p>\n<\/div><\/div><\/div>\n<\/details>\n<\/div>\n\n<div class=\"wp-block-group is-layout-constrained wp-block-group-is-layout-constrained\">\n<h2 class=\"wp-block-heading has-text-align-center has-nv-dark-bg-color has-text-color\" id=\"shareyourstory\">Cu\u00e9ntenos c\u00f3mo WA Cares ayudar\u00e1 a su familia<\/h2>\n\n\n\n<div class=\"wp-block-group is-layout-constrained wp-block-group-is-layout-constrained\">\n<iframe loading=\"lazy\" title=\"Video Ask\" src=\"https:\/\/www.videoask.com\/fd4mbf05x\" allow=\"camera *; microphone *; autoplay *; encrypted-media *; fullscreen *; display-capture *;\" width=\"100%\" height=\"600px\" style=\"border: none; border-radius: 24px;\"><\/iframe>\n<\/div>\n\n\n\n<p class=\"has-text-align-center has-link-color wp-elements-5f3968d7dc75234e4ca5774897641b77\">Obtenga m\u00e1s informaci\u00f3n sobre <a href=\"https:\/\/wecareforwacares.org\/es\/wa-cares-fund\/\">c\u00f3mo el Fondo de WA Cares est\u00e1 proporcionando apoyo de cuidado domiciliario accesible<\/a>.<\/p>\n<\/div>\n","protected":false},"excerpt":{"rendered":"<p>Ahora todos los trabajadores de Washington pueden recibir el apoyo de cuidado domiciliario cuando lo necesiten En su familia, Alyssa es la tercera generaci\u00f3n de cuidadoras. Desde hace m\u00e1s de 15\u00a0a\u00f1os brinda apoyo a trav\u00e9s del cuidado domiciliario a las personas en Washington. Despu\u00e9s de ver a muchos de sus clientes que necesitaban todo tipo&hellip;&nbsp;<\/p>\n","protected":false},"author":2,"featured_media":0,"parent":0,"menu_order":0,"comment_status":"closed","ping_status":"closed","template":"","meta":{"inline_featured_image":false,"neve_meta_sidebar":"","neve_meta_container":"","neve_meta_enable_content_width":"","neve_meta_content_width":0,"neve_meta_title_alignment":"","neve_meta_author_avatar":"","neve_post_elements_order":"","neve_meta_disable_header":"","neve_meta_disable_footer":"","neve_meta_disable_title":"","neve_meta_reading_time":"","footnotes":""},"class_list":["post-2909","page","type-page","status-publish","hentry"],"yoast_head":"<!-- This site is optimized with the Yoast SEO plugin v27.4 - https:\/\/yoast.com\/product\/yoast-seo-wordpress\/ -->\n<title>Obtenga apoyo de cuidado domiciliario | We Care For WA Cares<\/title>\n<meta name=\"description\" content=\"Los beneficios de WA Cares garantizan que obtengamos el apoyo de cuidado domiciliario que necesitamos cuando nos lesionamos o enfermamos. Obtenga m\u00e1s informaci\u00f3n sobre la cobertura asequible en We Care For WA Cares.\" \/>\n<meta name=\"robots\" content=\"index, follow, max-snippet:-1, max-image-preview:large, max-video-preview:-1\" \/>\n<link rel=\"canonical\" href=\"https:\/\/wecareforwacares.org\/es\/home-care-support\/\" \/>\n<meta property=\"og:locale\" content=\"es_ES\" \/>\n<meta property=\"og:type\" content=\"article\" \/>\n<meta property=\"og:title\" content=\"Obtenga apoyo de cuidado domiciliario | We Care For WA Cares\" \/>\n<meta property=\"og:description\" content=\"Los beneficios de WA Cares garantizan que obtengamos el apoyo de cuidado domiciliario que necesitamos cuando nos lesionamos o enfermamos. Obtenga m\u00e1s informaci\u00f3n sobre la cobertura asequible en We Care For WA Cares.\" \/>\n<meta property=\"og:url\" content=\"https:\/\/wecareforwacares.org\/es\/home-care-support\/\" \/>\n<meta property=\"og:site_name\" content=\"We Care for WA Cares\" \/>\n<meta property=\"article:publisher\" content=\"https:\/\/www.facebook.com\/WeCareForWACares\" \/>\n<meta property=\"article:modified_time\" content=\"2023-11-06T00:35:20+00:00\" \/>\n<meta property=\"og:image\" content=\"https:\/\/wecareforwacares.org\/wp-content\/uploads\/2023\/05\/we-care-for-wa-cares-logo-2.jpg\" \/>\n\t<meta property=\"og:image:width\" content=\"1200\" \/>\n\t<meta property=\"og:image:height\" content=\"675\" \/>\n\t<meta property=\"og:image:type\" content=\"image\/jpeg\" \/>\n<meta name=\"twitter:card\" content=\"summary_large_image\" \/>\n<meta name=\"twitter:title\" content=\"Obtenga apoyo de cuidado domiciliario\" \/>\n<meta name=\"twitter:description\" content=\"Los beneficios de WA Cares garantizan que obtengamos el apoyo de cuidado domiciliario que necesitamos cuando nos lesionamos o enfermamos. Obtenga m\u00e1s informaci\u00f3n sobre la cobertura asequible en We Care For WA Cares.\" \/>\n<meta name=\"twitter:site\" content=\"@WeCare4WACares\" \/>\n<meta name=\"twitter:label1\" content=\"Tiempo de lectura\" \/>\n\t<meta name=\"twitter:data1\" content=\"5 minutos\" \/>\n<script type=\"application\/ld+json\" class=\"yoast-schema-graph\">{\"@context\":\"https:\\\/\\\/schema.org\",\"@graph\":[{\"@type\":\"WebPage\",\"@id\":\"https:\\\/\\\/wecareforwacares.org\\\/es\\\/home-care-support\\\/\",\"url\":\"https:\\\/\\\/wecareforwacares.org\\\/es\\\/home-care-support\\\/\",\"name\":\"Obtenga apoyo de cuidado domiciliario | We Care For WA Cares\",\"isPartOf\":{\"@id\":\"https:\\\/\\\/wecareforwacares.org\\\/#website\"},\"datePublished\":\"2023-05-03T20:46:21+00:00\",\"dateModified\":\"2023-11-06T00:35:20+00:00\",\"description\":\"Los beneficios de WA Cares garantizan que obtengamos el apoyo de cuidado domiciliario que necesitamos cuando nos lesionamos o enfermamos. Obtenga m\u00e1s informaci\u00f3n sobre la cobertura asequible en We Care For WA Cares.\",\"breadcrumb\":{\"@id\":\"https:\\\/\\\/wecareforwacares.org\\\/es\\\/home-care-support\\\/#breadcrumb\"},\"inLanguage\":\"es\",\"potentialAction\":[{\"@type\":\"ReadAction\",\"target\":[\"https:\\\/\\\/wecareforwacares.org\\\/es\\\/home-care-support\\\/\"]}]},{\"@type\":\"BreadcrumbList\",\"@id\":\"https:\\\/\\\/wecareforwacares.org\\\/es\\\/home-care-support\\\/#breadcrumb\",\"itemListElement\":[{\"@type\":\"ListItem\",\"position\":1,\"name\":\"Home\",\"item\":\"https:\\\/\\\/wecareforwacares.org\\\/\"},{\"@type\":\"ListItem\",\"position\":2,\"name\":\"Alyssa \u2192 Beneficios de WA Cares &gt; Apoyo de cuidado domiciliario de WA Cares\"}]},{\"@type\":\"WebSite\",\"@id\":\"https:\\\/\\\/wecareforwacares.org\\\/#website\",\"url\":\"https:\\\/\\\/wecareforwacares.org\\\/\",\"name\":\"We Care for WA Cares\",\"description\":\"70% of us will need long-term care\",\"publisher\":{\"@id\":\"https:\\\/\\\/wecareforwacares.org\\\/#organization\"},\"alternateName\":\"We Care for WA Cares\",\"potentialAction\":[{\"@type\":\"SearchAction\",\"target\":{\"@type\":\"EntryPoint\",\"urlTemplate\":\"https:\\\/\\\/wecareforwacares.org\\\/?s={search_term_string}\"},\"query-input\":{\"@type\":\"PropertyValueSpecification\",\"valueRequired\":true,\"valueName\":\"search_term_string\"}}],\"inLanguage\":\"es\"},{\"@type\":\"Organization\",\"@id\":\"https:\\\/\\\/wecareforwacares.org\\\/#organization\",\"name\":\"We Care for WA Caares\",\"alternateName\":\"We Care for WA Caares\",\"url\":\"https:\\\/\\\/wecareforwacares.org\\\/\",\"logo\":{\"@type\":\"ImageObject\",\"inLanguage\":\"es\",\"@id\":\"https:\\\/\\\/wecareforwacares.org\\\/#\\\/schema\\\/logo\\\/image\\\/\",\"url\":\"https:\\\/\\\/wecareforwacares.org\\\/wp-content\\\/uploads\\\/2023\\\/05\\\/we-care-for-wa-cares-logo.jpg\",\"contentUrl\":\"https:\\\/\\\/wecareforwacares.org\\\/wp-content\\\/uploads\\\/2023\\\/05\\\/we-care-for-wa-cares-logo.jpg\",\"width\":700,\"height\":700,\"caption\":\"We Care for WA Caares\"},\"image\":{\"@id\":\"https:\\\/\\\/wecareforwacares.org\\\/#\\\/schema\\\/logo\\\/image\\\/\"},\"sameAs\":[\"https:\\\/\\\/www.facebook.com\\\/WeCareForWACares\",\"https:\\\/\\\/x.com\\\/WeCare4WACares\",\"https:\\\/\\\/www.youtube.com\\\/channel\\\/UCICpxHAJPKocRrFM3WErRXw\",\"https:\\\/\\\/www.instagram.com\\\/wecare4wacares\\\/\"]}]}<\/script>\n<!-- \/ Yoast SEO plugin. -->","yoast_head_json":{"title":"Obtenga apoyo de cuidado domiciliario | We Care For WA Cares","description":"Los beneficios de WA Cares garantizan que obtengamos el apoyo de cuidado domiciliario que necesitamos cuando nos lesionamos o enfermamos. Obtenga m\u00e1s informaci\u00f3n sobre la cobertura asequible en We Care For WA Cares.","robots":{"index":"index","follow":"follow","max-snippet":"max-snippet:-1","max-image-preview":"max-image-preview:large","max-video-preview":"max-video-preview:-1"},"canonical":"https:\/\/wecareforwacares.org\/es\/home-care-support\/","og_locale":"es_ES","og_type":"article","og_title":"Obtenga apoyo de cuidado domiciliario | We Care For WA Cares","og_description":"Los beneficios de WA Cares garantizan que obtengamos el apoyo de cuidado domiciliario que necesitamos cuando nos lesionamos o enfermamos. Obtenga m\u00e1s informaci\u00f3n sobre la cobertura asequible en We Care For WA Cares.","og_url":"https:\/\/wecareforwacares.org\/es\/home-care-support\/","og_site_name":"We Care for WA Cares","article_publisher":"https:\/\/www.facebook.com\/WeCareForWACares","article_modified_time":"2023-11-06T00:35:20+00:00","og_image":[{"width":1200,"height":675,"url":"https:\/\/wecareforwacares.org\/wp-content\/uploads\/2023\/05\/we-care-for-wa-cares-logo-2.jpg","type":"image\/jpeg"}],"twitter_card":"summary_large_image","twitter_title":"Obtenga apoyo de cuidado domiciliario","twitter_description":"Los beneficios de WA Cares garantizan que obtengamos el apoyo de cuidado domiciliario que necesitamos cuando nos lesionamos o enfermamos. Obtenga m\u00e1s informaci\u00f3n sobre la cobertura asequible en We Care For WA Cares.","twitter_site":"@WeCare4WACares","twitter_misc":{"Tiempo de lectura":"5 minutos"},"schema":{"@context":"https:\/\/schema.org","@graph":[{"@type":"WebPage","@id":"https:\/\/wecareforwacares.org\/es\/home-care-support\/","url":"https:\/\/wecareforwacares.org\/es\/home-care-support\/","name":"Obtenga apoyo de cuidado domiciliario | We Care For WA Cares","isPartOf":{"@id":"https:\/\/wecareforwacares.org\/#website"},"datePublished":"2023-05-03T20:46:21+00:00","dateModified":"2023-11-06T00:35:20+00:00","description":"Los beneficios de WA Cares garantizan que obtengamos el apoyo de cuidado domiciliario que necesitamos cuando nos lesionamos o enfermamos. Obtenga m\u00e1s informaci\u00f3n sobre la cobertura asequible en We Care For WA Cares.","breadcrumb":{"@id":"https:\/\/wecareforwacares.org\/es\/home-care-support\/#breadcrumb"},"inLanguage":"es","potentialAction":[{"@type":"ReadAction","target":["https:\/\/wecareforwacares.org\/es\/home-care-support\/"]}]},{"@type":"BreadcrumbList","@id":"https:\/\/wecareforwacares.org\/es\/home-care-support\/#breadcrumb","itemListElement":[{"@type":"ListItem","position":1,"name":"Home","item":"https:\/\/wecareforwacares.org\/"},{"@type":"ListItem","position":2,"name":"Alyssa \u2192 Beneficios de WA Cares &gt; Apoyo de cuidado domiciliario de WA Cares"}]},{"@type":"WebSite","@id":"https:\/\/wecareforwacares.org\/#website","url":"https:\/\/wecareforwacares.org\/","name":"We Care for WA Cares","description":"70% of us will need long-term care","publisher":{"@id":"https:\/\/wecareforwacares.org\/#organization"},"alternateName":"We Care for WA Cares","potentialAction":[{"@type":"SearchAction","target":{"@type":"EntryPoint","urlTemplate":"https:\/\/wecareforwacares.org\/?s={search_term_string}"},"query-input":{"@type":"PropertyValueSpecification","valueRequired":true,"valueName":"search_term_string"}}],"inLanguage":"es"},{"@type":"Organization","@id":"https:\/\/wecareforwacares.org\/#organization","name":"We Care for WA Caares","alternateName":"We Care for WA Caares","url":"https:\/\/wecareforwacares.org\/","logo":{"@type":"ImageObject","inLanguage":"es","@id":"https:\/\/wecareforwacares.org\/#\/schema\/logo\/image\/","url":"https:\/\/wecareforwacares.org\/wp-content\/uploads\/2023\/05\/we-care-for-wa-cares-logo.jpg","contentUrl":"https:\/\/wecareforwacares.org\/wp-content\/uploads\/2023\/05\/we-care-for-wa-cares-logo.jpg","width":700,"height":700,"caption":"We Care for WA Caares"},"image":{"@id":"https:\/\/wecareforwacares.org\/#\/schema\/logo\/image\/"},"sameAs":["https:\/\/www.facebook.com\/WeCareForWACares","https:\/\/x.com\/WeCare4WACares","https:\/\/www.youtube.com\/channel\/UCICpxHAJPKocRrFM3WErRXw","https:\/\/www.instagram.com\/wecare4wacares\/"]}]}},"_links":{"self":[{"href":"https:\/\/wecareforwacares.org\/es\/wp-json\/wp\/v2\/pages\/2909","targetHints":{"allow":["GET"]}}],"collection":[{"href":"https:\/\/wecareforwacares.org\/es\/wp-json\/wp\/v2\/pages"}],"about":[{"href":"https:\/\/wecareforwacares.org\/es\/wp-json\/wp\/v2\/types\/page"}],"author":[{"embeddable":true,"href":"https:\/\/wecareforwacares.org\/es\/wp-json\/wp\/v2\/users\/2"}],"replies":[{"embeddable":true,"href":"https:\/\/wecareforwacares.org\/es\/wp-json\/wp\/v2\/comments?post=2909"}],"version-history":[{"count":5,"href":"https:\/\/wecareforwacares.org\/es\/wp-json\/wp\/v2\/pages\/2909\/revisions"}],"predecessor-version":[{"id":3419,"href":"https:\/\/wecareforwacares.org\/es\/wp-json\/wp\/v2\/pages\/2909\/revisions\/3419"}],"wp:attachment":[{"href":"https:\/\/wecareforwacares.org\/es\/wp-json\/wp\/v2\/media?parent=2909"}],"curies":[{"name":"wp","href":"https:\/\/api.w.org\/{rel}","templated":true}]}}