{"id":2911,"date":"2023-05-03T20:49:14","date_gmt":"2023-05-03T20:49:14","guid":{"rendered":"https:\/\/wecareforwacares.org\/kathy-%e2%86%92-beneficios-de-wa-cares-cuidadores-de-washington\/"},"modified":"2023-10-03T01:43:21","modified_gmt":"2023-10-03T01:43:21","slug":"wa-caregivers","status":"publish","type":"page","link":"https:\/\/wecareforwacares.org\/es\/wa-caregivers\/","title":{"rendered":"Kathy \u2192 Beneficios de WA Cares &gt; Cuidadores de Washington"},"content":{"rendered":"\n<div class=\"wp-block-group alignfull lt-blue-wc-white-lg-btm has-neve-link-color-background-color has-background is-layout-constrained wp-block-group-is-layout-constrained\">\n<h1 class=\"wp-block-heading has-text-align-center has-nv-text-dark-bg-color has-neve-link-hover-color-background-color has-text-color has-background\" style=\"padding-top:var(--wp--preset--spacing--30);padding-right:var(--wp--preset--spacing--30);padding-bottom:var(--wp--preset--spacing--30);padding-left:var(--wp--preset--spacing--30)\">Los cuidadores de Washington lo tienen claro: no sabemos qu\u00e9 nos depara el futuro<\/h1>\n\n\n\n<figure class=\"wp-block-embed alignwide is-type-video is-provider-youtube wp-block-embed-youtube wp-embed-aspect-16-9 wp-has-aspect-ratio img-shadow\"><div class=\"wp-block-embed__wrapper\">\r\n<div class=\"nv-iframe-embed\"><iframe loading=\"lazy\" title=\"Kathy | WA Caregivers\" width=\"1200\" height=\"675\" src=\"https:\/\/www.youtube.com\/embed\/sPQ18-a_-DM?feature=oembed\" frameborder=\"0\" allow=\"accelerometer; autoplay; clipboard-write; encrypted-media; gyroscope; picture-in-picture; web-share\" allowfullscreen><\/iframe><\/div>\r\n<\/div><\/figure>\r\n<\/div>\n\n<div class=\"wp-block-group alignfull is-layout-constrained wp-block-group-is-layout-constrained\">\n<p>Kathy es una cuidadora nata. Creci\u00f3 cuidando de sus cuatro hermanos, por lo que estaba bien preparada para una carrera de 28\u00a0a\u00f1os como cuidadora en Washington. Cuando su esposo qued\u00f3 parapl\u00e9jico a causa de un accidente de construcci\u00f3n a la temprana edad de 29\u00a0a\u00f1os, sus vidas cambiaron en un instante. Se convirti\u00f3 en cuidadora a tiempo completo de su pareja y sigui\u00f3 si\u00e9ndolo fuera de casa.<\/p>\n\n\n\n<figure class=\"wp-block-pullquote alignwide lt-blue-splash\"><blockquote><p>\u201cMe preocupa que alg\u00fan d\u00eda sea yo la que necesite que alguien me ayude. El Washington Cares Act (Ley Washington Cares) me ayudar\u00eda a poder quedarme en mi casa. Podr\u00eda recurrir al fondo para equipos m\u00e9dicos, ayuda a tiempo parcial y adaptaciones de mi casa que me permitieran permanecer en mi casa el mayor tiempo posible\u201d.<\/p><cite>\u2013 Kathy Larson, Tacoma<\/cite><\/blockquote><\/figure>\n\n\n\n<p>Desde el accidente, su familia ha tenido que hacer todo tipo de malabares financieros. Trabaja duro para asegurarse de que su esposo tenga el cuidado necesario y que sus hijos est\u00e9n contentos y bien alimentados.<\/p>\n\n\n\n<p>Por suerte, Kathy ya no se tiene que preocupar por c\u00f3mo conseguir\u00e1 servicios de cuidado si alg\u00fan d\u00eda los llegue a necesitar. WA Cares permite que los cuidadores de Washington cobren por el tiempo dedicado a brindar cuidado a sus seres queridos. Ahora todos los trabajadores de Washington podemos recibir cuidado a largo plazo cuando sea necesario.<\/p>\n<\/div>\n\n<div class=\"wp-block-group alignfull has-custom-1-background-color has-background is-layout-constrained wp-block-group-is-layout-constrained\" style=\"padding-top:var(--wp--preset--spacing--50);padding-bottom:var(--wp--preset--spacing--60)\">\n<h2 class=\"wp-block-heading has-nv-dark-bg-color has-text-color\">La historia de Kathy<\/h2>\n\n\n\n<p><strong>Siempre he sido cuidadora.<\/strong><\/p>\n\n\n\n<p>Soy la mayor de cinco hermanos, as\u00ed que crec\u00ed cuidando de mis hermanos menores y haciendo ese tipo de labores. Cuando ten\u00eda 18 a\u00f1os, entr\u00e9 a trabajar como encargada de los jugos en un asilo para ancianos local. Lo de cuidar de otras personas fluy\u00f3 de forma natural. Lo que m\u00e1s me gusta es cuidar de las personas.<\/p>\n\n\n\n<p>He sido cuidadora en Washington durante 28\u00a0a\u00f1os en total. Ahora tengo artrosis degenerativa en la espalda, en la rodilla, en los tobillos y tengo diabetes.<\/p>\n\n\n\n<p><strong><span data-sheets-value=\"{&quot;1&quot;:2,&quot;2&quot;:&quot;Trabajo, pero no puedo contratar un seguro privado de cuidado a largo plazo debido a mis condiciones pre-existentes.&quot;}\" data-sheets-userformat=\"{&quot;2&quot;:513,&quot;3&quot;:{&quot;1&quot;:0},&quot;12&quot;:0}\">Trabajo, pero no puedo contratar un seguro privado de cuidado a largo plazo debido a mis condiciones pre-existentes.<\/span><\/strong><\/p>\n\n\n\n<p>Me preocupa que alg\u00fan d\u00eda sea yo quien necesite que alguien me ayude. El Washington Cares Act (Ley Washington Cares) me ayudar\u00eda a permanecer en mi casa. S\u00ed cumplo con los requisitos, incluso con mis condiciones pre-existentes. Podr\u00eda utilizar mis beneficios para equipos m\u00e9dicos, ayuda a tiempo parcial y adaptaciones en mi hogar que me permitir\u00e1n quedarme en mi casa el mayor tiempo posible. Adem\u00e1s, podr\u00eda cobrar como cuidadora de Washington para atender a mi familia cuando necesiten ayuda con las tareas diarias.<\/p>\n\n\n\n<p>A las personas que creen que nunca necesitar\u00e1n servicios de cuidado, puedo decirles que cualquiera de nosotros puede necesitar ayuda en alg\u00fan momento de nuestras vidas, sea cual sea nuestra edad.<\/p>\n\n\n\n<p><strong>No sabemos qu\u00e9 nos depara el futuro.<\/strong><\/p>\n\n\n\n<p>Mi esposo solo ten\u00eda 29\u00a0a\u00f1os cuando sufri\u00f3 un accidente de construcci\u00f3n y pas\u00f3 los 10\u00a0a\u00f1os siguientes parapl\u00e9jico. Pasamos tiempos dif\u00edciles en aquella \u00e9poca. Yo lo cuidaba y trabajaba como cuidadora en Washington, as\u00ed que ten\u00edamos muy poco para vivir y no ten\u00edamos seguro.<\/p>\n\n\n\n<p>Recuerdo que cuando comenc\u00e9 a trabajar, ganaba $1.98 la hora. Durante aquella \u00e9poca visitaba bancos de alimentos, asegur\u00e1ndome de que los ni\u00f1os se alimentaban, y que mi esposo ten\u00eda comida saludable. Era un acto de malabarismo. Y hoy sigue siendo ese acto de malabarismo. Con la inflaci\u00f3n econ\u00f3mica actual, apenas ganamos lo suficiente para cubrir nuestros gastos.<\/p>\n\n\n\n<p><strong><span data-sheets-value=\"{&quot;1&quot;:2,&quot;2&quot;:&quot;El estado de Washington est&#xE1; reconociendo la realidad de que la mayor&#xED;a de nosotros tenemos pocos ahorros.&quot;}\" data-sheets-userformat=\"{&quot;2&quot;:4481,&quot;3&quot;:{&quot;1&quot;:0},&quot;10&quot;:2,&quot;11&quot;:0,&quot;15&quot;:&quot;Arial&quot;}\">El estado de Washington est\u00e1 reconociendo la realidad de que la mayor\u00eda de nosotros tenemos pocos ahorros.<\/span><\/strong><\/p>\n\n\n\n<p>No tenemos muchos ahorros para gastar en servicios de cuidado en caso de necesitarlos. Incluso si los tuvi\u00e9ramos, es posible que no pudi\u00e9ramos acceder a un seguro privado de cuidado a largo plazo debido a nuestras condiciones pre-existentes.<\/p>\n\n\n\n<p>Disponer de fondos para pagar el cuidadi domiciliario nos ayudar\u00e1 a quedarnos en nuestras casas. Adem\u00e1s, atraer\u00e1 a m\u00e1s cuidadores de Washington, \u00a1que es lo que realmente necesitamos!<\/p>\n\n\n\n<details class=\"wp-block-stackable-accordion stk-block-accordion stk-inner-blocks has-text-align-left stk-block-content stk-block stk-51b60b4 stk-block-background is-style-default stk--no-padding\" data-block-id=\"51b60b4\"><style>.stk-51b60b4{background-color:var(--nv-primary-accent) !important;border-radius:8px !important;overflow:hidden !important;min-height:0px !important;margin-top:32px !important;margin-bottom:48px !important}.stk-51b60b4:before{background-color:var(--nv-primary-accent) !important}<\/style>\n<summary class=\"wp-block-stackable-column stk-block-column stk-column stk-block stk-6dee112 stk--container-small stk-block-accordion__heading\" data-v=\"4\" data-block-id=\"6dee112\"><style>.stk-6dee112-container{padding-top:0% !important;padding-right:30% !important;padding-bottom:0% !important;padding-left:30% !important}<\/style><div class=\"stk-column-wrapper stk-block-column__content stk-container stk-6dee112-container stk--no-background stk--no-padding\"><div class=\"stk-block-content stk-inner-blocks stk-6dee112-inner-blocks\">\n<div class=\"wp-block-stackable-icon-label stk-block-icon-label stk-block stk-f180e0e\" data-block-id=\"f180e0e\"><div class=\"stk-row stk-inner-blocks stk-block-content\">\n<div class=\"wp-block-stackable-heading stk-block-heading stk-block-heading--v2 stk-block stk-1d79265\" id=\"video-transcript\" data-block-id=\"1d79265\"><style>.stk-1d79265 .stk-block-heading__text{font-size:16px !important;color:var(--nv-text-dark-bg) !important}@media screen and (max-width:1023px){.stk-1d79265 .stk-block-heading__text{font-size:16px !important}}<\/style><h3 class=\"stk-block-heading__text has-text-color has-nv-text-dark-bg-color\">Transcripci\u00f3n del video<\/h3><\/div>\n\n\n\n<div class=\"wp-block-stackable-icon stk-block-icon stk-block stk-97c114e\" data-block-id=\"97c114e\"><style>.stk-97c114e .stk--svg-wrapper .stk--inner-svg svg:last-child,.stk-97c114e .stk--svg-wrapper .stk--inner-svg svg:last-child :is(g,path,rect,polygon,ellipse){fill:var(--nv-text-dark-bg) !important}.stk-97c114e .stk--svg-wrapper .stk--inner-svg{border-top-width:0px !important;border-right-width:0px !important;border-bottom-width:0px !important;border-left-width:0px !important}<\/style><span class=\"stk--svg-wrapper\"><div class=\"stk--inner-svg\"><svg style=\"height:0;width:0\"><defs><lineargradient id=\"linear-gradient-97c114e\" x1=\"0\" x2=\"100%\" y1=\"0\" y2=\"0\"><stop offset=\"0%\" style=\"stop-opacity:1;stop-color:var(--linear-gradient-97-c-114-e-color-1)\"><\/stop><stop offset=\"100%\" style=\"stop-opacity:1;stop-color:var(--linear-gradient-97-c-114-e-color-2)\"><\/stop><\/lineargradient><\/defs><\/svg><svg data-prefix=\"fas\" data-icon=\"chevron-down\" class=\"svg-inline--fa fa-chevron-down fa-w-14\" xmlns=\"http:\/\/www.w3.org\/2000\/svg\" viewbox=\"0 0 448 512\" aria-hidden=\"true\" width=\"32\" height=\"32\"><path fill=\"currentColor\" d=\"M207.029 381.476L12.686 187.132c-9.373-9.373-9.373-24.569 0-33.941l22.667-22.667c9.357-9.357 24.522-9.375 33.901-.04L224 284.505l154.745-154.021c9.379-9.335 24.544-9.317 33.901.04l22.667 22.667c9.373 9.373 9.373 24.569 0 33.941L240.971 381.476c-9.373 9.372-24.569 9.372-33.942 0z\"><\/path><\/svg><\/div><\/span><\/div>\n<\/div><\/div>\n<\/div><\/div><\/summary>\n\n\n\n<div class=\"wp-block-stackable-column stk-block-column stk-column stk-block stk-1451b4e stk-block-accordion__content\" data-v=\"4\" data-block-id=\"1451b4e\"><div class=\"stk-column-wrapper stk-block-column__content stk-container stk-1451b4e-container stk--no-background stk--no-padding\"><div class=\"stk-block-content stk-inner-blocks stk-1451b4e-inner-blocks\">\n<p class=\"has-nv-text-dark-bg-color has-text-color\">Mi nombre es Kathy Larson. Vivo en el condado de Pierce, en la zona de Tacoma. He sido cuidadora por 10\u00a0a\u00f1os, recientemente. En total, 28\u00a0a\u00f1os. Lo que m\u00e1s me gusta es cuidar de las personas. Siempre he sido cuidadora. Soy la mayor de cinco hermanos, as\u00ed que crec\u00ed cuidando de mis hermanos menores y haciendo ese tipo de labores. Lo m\u00e1s dif\u00edcil es el horario y, a veces, las horas extra que debemos dedicar para realizar este trabajo.<\/p>\n\n\n\n<p class=\"has-nv-text-dark-bg-color has-text-color\">Me preocupa que alg\u00fan d\u00eda necesite servicios de atenci\u00f3n. Formo parte de una generaci\u00f3n que est\u00e1 envejeciendo, la de <i>baby boomers<\/i>. Estoy en la parte de atr\u00e1s de esa generaci\u00f3n, y puede que necesite a alguien que me ayude porque tengo algunos problemas. Tengo artrosis, artrosis degenerativa, en la espalda, en la rodilla, en los tobillos, y tengo diabetes. No tengo seguro. La Washington Cares Act (Ley Washington Cares) me ayudar\u00eda a poder quedarme en mi casa. Para m\u00ed, el WA Care Fund es un recurso al que puedo recurrir si necesito equipos para mi casa, tal vez ayuda a tiempo parcial o adaptaciones que me permitan seguir viviendo en mi casa. No sabemos qu\u00e9 nos depara el futuro.\u00a0\u00a0<\/p>\n\n\n\n<p class=\"has-nv-text-dark-bg-color has-text-color\">Mi esposo qued\u00f3 discapacitado a una edad muy temprana. Solo ten\u00eda 29\u00a0a\u00f1os cuando sufri\u00f3 un accidente de construcci\u00f3n y pas\u00f3 los siguientes 10\u00a0a\u00f1os parapl\u00e9jico bajo mi cuidado.<\/p>\n<\/div><\/div><\/div>\n<\/details>\n<\/div>\n\n<div class=\"wp-block-group is-layout-constrained wp-block-group-is-layout-constrained\">\n<h2 class=\"wp-block-heading has-text-align-center has-nv-dark-bg-color has-text-color\" id=\"shareyourstory\">Cu\u00e9ntenos c\u00f3mo WA Cares ayudar\u00e1 a su familia<\/h2>\n\n\n\n<div class=\"wp-block-group is-layout-constrained wp-block-group-is-layout-constrained\">\n<iframe loading=\"lazy\" title=\"Video Ask\" src=\"https:\/\/www.videoask.com\/fd4mbf05x\" allow=\"camera *; microphone *; autoplay *; encrypted-media *; fullscreen *; display-capture *;\" width=\"100%\" height=\"600px\" style=\"border: none; border-radius: 24px;\"><\/iframe>\n<\/div>\n\n\n\n<p class=\"has-text-align-center has-link-color wp-elements-b5e605671d82956677de504bf65f160c\">Obtenga m\u00e1s informaci\u00f3n sobre <a href=\"https:\/\/wecareforwacares.org\/es\/wa-cares-fund\/\">c\u00f3mo el Fondo de WA Cares est\u00e1 proporcionando apoyo a los cuidadores de Washington<\/a>.<\/p>\n<\/div>\n","protected":false},"excerpt":{"rendered":"<p>Los cuidadores de Washington lo tienen claro: no sabemos qu\u00e9 nos depara el futuro Kathy es una cuidadora nata. Creci\u00f3 cuidando de sus cuatro hermanos, por lo que estaba bien preparada para una carrera de 28\u00a0a\u00f1os como cuidadora en Washington. Cuando su esposo qued\u00f3 parapl\u00e9jico a causa de un accidente de construcci\u00f3n a la temprana&hellip;&nbsp;<\/p>\n","protected":false},"author":2,"featured_media":0,"parent":0,"menu_order":0,"comment_status":"closed","ping_status":"closed","template":"","meta":{"inline_featured_image":false,"neve_meta_sidebar":"","neve_meta_container":"","neve_meta_enable_content_width":"","neve_meta_content_width":0,"neve_meta_title_alignment":"","neve_meta_author_avatar":"","neve_post_elements_order":"","neve_meta_disable_header":"","neve_meta_disable_footer":"","neve_meta_disable_title":"","neve_meta_reading_time":"","footnotes":""},"class_list":["post-2911","page","type-page","status-publish","hentry"],"yoast_head":"<!-- This site is optimized with the Yoast SEO plugin v27.4 - https:\/\/yoast.com\/product\/yoast-seo-wordpress\/ -->\n<title>Cuidadores de Washington | We Care For WA Cares<\/title>\n<meta name=\"description\" content=\"WA Cares les paga a los cuidadores de Washington para que brinden cuidado domiciliario a sus seres queridos cuando est\u00e1n gravemente lesionados o enfermos. Obtenga m\u00e1s informaci\u00f3n en We Care For WA Cares.\" \/>\n<meta name=\"robots\" content=\"index, follow, max-snippet:-1, max-image-preview:large, max-video-preview:-1\" \/>\n<link rel=\"canonical\" href=\"https:\/\/wecareforwacares.org\/es\/wa-caregivers\/\" \/>\n<meta property=\"og:locale\" content=\"es_ES\" \/>\n<meta property=\"og:type\" content=\"article\" \/>\n<meta property=\"og:title\" content=\"Cuidadores de Washington | We Care For WA Cares\" \/>\n<meta property=\"og:description\" content=\"WA Cares les paga a los cuidadores de Washington para que brinden cuidado domiciliario a sus seres queridos cuando est\u00e1n gravemente lesionados o enfermos. Obtenga m\u00e1s informaci\u00f3n en We Care For WA Cares.\" \/>\n<meta property=\"og:url\" content=\"https:\/\/wecareforwacares.org\/es\/wa-caregivers\/\" \/>\n<meta property=\"og:site_name\" content=\"We Care for WA Cares\" \/>\n<meta property=\"article:publisher\" content=\"https:\/\/www.facebook.com\/WeCareForWACares\" \/>\n<meta property=\"article:modified_time\" content=\"2023-10-03T01:43:21+00:00\" \/>\n<meta property=\"og:image\" content=\"https:\/\/wecareforwacares.org\/wp-content\/uploads\/2023\/05\/we-care-for-wa-cares-logo-2.jpg\" \/>\n\t<meta property=\"og:image:width\" content=\"1200\" \/>\n\t<meta property=\"og:image:height\" content=\"675\" \/>\n\t<meta property=\"og:image:type\" content=\"image\/jpeg\" \/>\n<meta name=\"twitter:card\" content=\"summary_large_image\" \/>\n<meta name=\"twitter:title\" content=\"Cuidadores de Washington\" \/>\n<meta name=\"twitter:description\" content=\"WA Cares les paga a los cuidadores de Washington para que brinden cuidado domiciliario a sus seres queridos cuando est\u00e1n gravemente lesionados o enfermos. Obtenga m\u00e1s informaci\u00f3n en We Care For WA Cares.\" \/>\n<meta name=\"twitter:site\" content=\"@WeCare4WACares\" \/>\n<meta name=\"twitter:label1\" content=\"Tiempo de lectura\" \/>\n\t<meta name=\"twitter:data1\" content=\"4 minutos\" \/>\n<script type=\"application\/ld+json\" class=\"yoast-schema-graph\">{\"@context\":\"https:\\\/\\\/schema.org\",\"@graph\":[{\"@type\":\"WebPage\",\"@id\":\"https:\\\/\\\/wecareforwacares.org\\\/es\\\/wa-caregivers\\\/\",\"url\":\"https:\\\/\\\/wecareforwacares.org\\\/es\\\/wa-caregivers\\\/\",\"name\":\"Cuidadores de Washington | We Care For WA Cares\",\"isPartOf\":{\"@id\":\"https:\\\/\\\/wecareforwacares.org\\\/#website\"},\"datePublished\":\"2023-05-03T20:49:14+00:00\",\"dateModified\":\"2023-10-03T01:43:21+00:00\",\"description\":\"WA Cares les paga a los cuidadores de Washington para que brinden cuidado domiciliario a sus seres queridos cuando est\u00e1n gravemente lesionados o enfermos. Obtenga m\u00e1s informaci\u00f3n en We Care For WA Cares.\",\"breadcrumb\":{\"@id\":\"https:\\\/\\\/wecareforwacares.org\\\/es\\\/wa-caregivers\\\/#breadcrumb\"},\"inLanguage\":\"es\",\"potentialAction\":[{\"@type\":\"ReadAction\",\"target\":[\"https:\\\/\\\/wecareforwacares.org\\\/es\\\/wa-caregivers\\\/\"]}]},{\"@type\":\"BreadcrumbList\",\"@id\":\"https:\\\/\\\/wecareforwacares.org\\\/es\\\/wa-caregivers\\\/#breadcrumb\",\"itemListElement\":[{\"@type\":\"ListItem\",\"position\":1,\"name\":\"Home\",\"item\":\"https:\\\/\\\/wecareforwacares.org\\\/\"},{\"@type\":\"ListItem\",\"position\":2,\"name\":\"Kathy \u2192 Beneficios de WA Cares &gt; Cuidadores de Washington\"}]},{\"@type\":\"WebSite\",\"@id\":\"https:\\\/\\\/wecareforwacares.org\\\/#website\",\"url\":\"https:\\\/\\\/wecareforwacares.org\\\/\",\"name\":\"We Care for WA Cares\",\"description\":\"70% of us will need long-term care\",\"publisher\":{\"@id\":\"https:\\\/\\\/wecareforwacares.org\\\/#organization\"},\"alternateName\":\"We Care for WA Cares\",\"potentialAction\":[{\"@type\":\"SearchAction\",\"target\":{\"@type\":\"EntryPoint\",\"urlTemplate\":\"https:\\\/\\\/wecareforwacares.org\\\/?s={search_term_string}\"},\"query-input\":{\"@type\":\"PropertyValueSpecification\",\"valueRequired\":true,\"valueName\":\"search_term_string\"}}],\"inLanguage\":\"es\"},{\"@type\":\"Organization\",\"@id\":\"https:\\\/\\\/wecareforwacares.org\\\/#organization\",\"name\":\"We Care for WA Caares\",\"alternateName\":\"We Care for WA Caares\",\"url\":\"https:\\\/\\\/wecareforwacares.org\\\/\",\"logo\":{\"@type\":\"ImageObject\",\"inLanguage\":\"es\",\"@id\":\"https:\\\/\\\/wecareforwacares.org\\\/#\\\/schema\\\/logo\\\/image\\\/\",\"url\":\"https:\\\/\\\/wecareforwacares.org\\\/wp-content\\\/uploads\\\/2023\\\/05\\\/we-care-for-wa-cares-logo.jpg\",\"contentUrl\":\"https:\\\/\\\/wecareforwacares.org\\\/wp-content\\\/uploads\\\/2023\\\/05\\\/we-care-for-wa-cares-logo.jpg\",\"width\":700,\"height\":700,\"caption\":\"We Care for WA Caares\"},\"image\":{\"@id\":\"https:\\\/\\\/wecareforwacares.org\\\/#\\\/schema\\\/logo\\\/image\\\/\"},\"sameAs\":[\"https:\\\/\\\/www.facebook.com\\\/WeCareForWACares\",\"https:\\\/\\\/x.com\\\/WeCare4WACares\",\"https:\\\/\\\/www.youtube.com\\\/channel\\\/UCICpxHAJPKocRrFM3WErRXw\",\"https:\\\/\\\/www.instagram.com\\\/wecare4wacares\\\/\"]}]}<\/script>\n<!-- \/ Yoast SEO plugin. -->","yoast_head_json":{"title":"Cuidadores de Washington | We Care For WA Cares","description":"WA Cares les paga a los cuidadores de Washington para que brinden cuidado domiciliario a sus seres queridos cuando est\u00e1n gravemente lesionados o enfermos. Obtenga m\u00e1s informaci\u00f3n en We Care For WA Cares.","robots":{"index":"index","follow":"follow","max-snippet":"max-snippet:-1","max-image-preview":"max-image-preview:large","max-video-preview":"max-video-preview:-1"},"canonical":"https:\/\/wecareforwacares.org\/es\/wa-caregivers\/","og_locale":"es_ES","og_type":"article","og_title":"Cuidadores de Washington | We Care For WA Cares","og_description":"WA Cares les paga a los cuidadores de Washington para que brinden cuidado domiciliario a sus seres queridos cuando est\u00e1n gravemente lesionados o enfermos. Obtenga m\u00e1s informaci\u00f3n en We Care For WA Cares.","og_url":"https:\/\/wecareforwacares.org\/es\/wa-caregivers\/","og_site_name":"We Care for WA Cares","article_publisher":"https:\/\/www.facebook.com\/WeCareForWACares","article_modified_time":"2023-10-03T01:43:21+00:00","og_image":[{"width":1200,"height":675,"url":"https:\/\/wecareforwacares.org\/wp-content\/uploads\/2023\/05\/we-care-for-wa-cares-logo-2.jpg","type":"image\/jpeg"}],"twitter_card":"summary_large_image","twitter_title":"Cuidadores de Washington","twitter_description":"WA Cares les paga a los cuidadores de Washington para que brinden cuidado domiciliario a sus seres queridos cuando est\u00e1n gravemente lesionados o enfermos. Obtenga m\u00e1s informaci\u00f3n en We Care For WA Cares.","twitter_site":"@WeCare4WACares","twitter_misc":{"Tiempo de lectura":"4 minutos"},"schema":{"@context":"https:\/\/schema.org","@graph":[{"@type":"WebPage","@id":"https:\/\/wecareforwacares.org\/es\/wa-caregivers\/","url":"https:\/\/wecareforwacares.org\/es\/wa-caregivers\/","name":"Cuidadores de Washington | We Care For WA Cares","isPartOf":{"@id":"https:\/\/wecareforwacares.org\/#website"},"datePublished":"2023-05-03T20:49:14+00:00","dateModified":"2023-10-03T01:43:21+00:00","description":"WA Cares les paga a los cuidadores de Washington para que brinden cuidado domiciliario a sus seres queridos cuando est\u00e1n gravemente lesionados o enfermos. Obtenga m\u00e1s informaci\u00f3n en We Care For WA Cares.","breadcrumb":{"@id":"https:\/\/wecareforwacares.org\/es\/wa-caregivers\/#breadcrumb"},"inLanguage":"es","potentialAction":[{"@type":"ReadAction","target":["https:\/\/wecareforwacares.org\/es\/wa-caregivers\/"]}]},{"@type":"BreadcrumbList","@id":"https:\/\/wecareforwacares.org\/es\/wa-caregivers\/#breadcrumb","itemListElement":[{"@type":"ListItem","position":1,"name":"Home","item":"https:\/\/wecareforwacares.org\/"},{"@type":"ListItem","position":2,"name":"Kathy \u2192 Beneficios de WA Cares &gt; Cuidadores de Washington"}]},{"@type":"WebSite","@id":"https:\/\/wecareforwacares.org\/#website","url":"https:\/\/wecareforwacares.org\/","name":"We Care for WA Cares","description":"70% of us will need long-term care","publisher":{"@id":"https:\/\/wecareforwacares.org\/#organization"},"alternateName":"We Care for WA Cares","potentialAction":[{"@type":"SearchAction","target":{"@type":"EntryPoint","urlTemplate":"https:\/\/wecareforwacares.org\/?s={search_term_string}"},"query-input":{"@type":"PropertyValueSpecification","valueRequired":true,"valueName":"search_term_string"}}],"inLanguage":"es"},{"@type":"Organization","@id":"https:\/\/wecareforwacares.org\/#organization","name":"We Care for WA Caares","alternateName":"We Care for WA Caares","url":"https:\/\/wecareforwacares.org\/","logo":{"@type":"ImageObject","inLanguage":"es","@id":"https:\/\/wecareforwacares.org\/#\/schema\/logo\/image\/","url":"https:\/\/wecareforwacares.org\/wp-content\/uploads\/2023\/05\/we-care-for-wa-cares-logo.jpg","contentUrl":"https:\/\/wecareforwacares.org\/wp-content\/uploads\/2023\/05\/we-care-for-wa-cares-logo.jpg","width":700,"height":700,"caption":"We Care for WA Caares"},"image":{"@id":"https:\/\/wecareforwacares.org\/#\/schema\/logo\/image\/"},"sameAs":["https:\/\/www.facebook.com\/WeCareForWACares","https:\/\/x.com\/WeCare4WACares","https:\/\/www.youtube.com\/channel\/UCICpxHAJPKocRrFM3WErRXw","https:\/\/www.instagram.com\/wecare4wacares\/"]}]}},"_links":{"self":[{"href":"https:\/\/wecareforwacares.org\/es\/wp-json\/wp\/v2\/pages\/2911","targetHints":{"allow":["GET"]}}],"collection":[{"href":"https:\/\/wecareforwacares.org\/es\/wp-json\/wp\/v2\/pages"}],"about":[{"href":"https:\/\/wecareforwacares.org\/es\/wp-json\/wp\/v2\/types\/page"}],"author":[{"embeddable":true,"href":"https:\/\/wecareforwacares.org\/es\/wp-json\/wp\/v2\/users\/2"}],"replies":[{"embeddable":true,"href":"https:\/\/wecareforwacares.org\/es\/wp-json\/wp\/v2\/comments?post=2911"}],"version-history":[{"count":3,"href":"https:\/\/wecareforwacares.org\/es\/wp-json\/wp\/v2\/pages\/2911\/revisions"}],"predecessor-version":[{"id":3328,"href":"https:\/\/wecareforwacares.org\/es\/wp-json\/wp\/v2\/pages\/2911\/revisions\/3328"}],"wp:attachment":[{"href":"https:\/\/wecareforwacares.org\/es\/wp-json\/wp\/v2\/media?parent=2911"}],"curies":[{"name":"wp","href":"https:\/\/api.w.org\/{rel}","templated":true}]}}