{"id":2913,"date":"2023-05-03T20:51:33","date_gmt":"2023-05-03T20:51:33","guid":{"rendered":"https:\/\/wecareforwacares.org\/kitty-%e2%86%92-beneficios-de-wa-cares-costos-de-la-atencion-a-largo-plazo-en-wa\/"},"modified":"2023-10-03T01:52:04","modified_gmt":"2023-10-03T01:52:04","slug":"wa-long-term-care-costs","status":"publish","type":"page","link":"https:\/\/wecareforwacares.org\/es\/wa-long-term-care-costs\/","title":{"rendered":"Kitty \u2192 Beneficios de WA Cares &gt; Costos de la cuidado a largo plazo en WA"},"content":{"rendered":"\n<div class=\"wp-block-group alignfull lt-blue-wc-white-lg-btm has-neve-link-color-background-color has-background is-layout-constrained wp-block-group-is-layout-constrained\">\n<h1 class=\"wp-block-heading has-text-align-center has-nv-text-dark-bg-color has-neve-link-hover-color-background-color has-text-color has-background\" style=\"padding-top:var(--wp--preset--spacing--30);padding-right:var(--wp--preset--spacing--30);padding-bottom:var(--wp--preset--spacing--30);padding-left:var(--wp--preset--spacing--30)\">Los costos del cuidado a largo plazo ya no son una preocupaci\u00f3n gracias a WA Cares<\/h1>\n\n\n\n<figure class=\"wp-block-embed alignwide is-type-video is-provider-youtube wp-block-embed-youtube img-shadow wp-embed-aspect-16-9 wp-has-aspect-ratio\"><div class=\"wp-block-embed__wrapper\">\n<div class=\"nv-iframe-embed\"><iframe loading=\"lazy\" title=\"Kitty | WA Long Term Care Costs\" width=\"1200\" height=\"675\" src=\"https:\/\/www.youtube.com\/embed\/D74VyKSO-vs?feature=oembed\" frameborder=\"0\" allow=\"accelerometer; autoplay; clipboard-write; encrypted-media; gyroscope; picture-in-picture; web-share\" allowfullscreen><\/iframe><\/div>\n<\/div><\/figure>\n<\/div>\n\n<div class=\"wp-block-group alignfull is-layout-constrained wp-block-group-is-layout-constrained\">\n<p>Kitty aprendi\u00f3 de la peor manera que a cualquier edad se puede necesitar servicios de cuidado. Cuando estaba embarazada de su primer hijo, tuvo que permanecer en reposo absoluto por cuatro meses. No ten\u00eda ni idea de los costos del cuidado a largo plazo hasta que la necesit\u00f3. Ahora es cuidadora de un familiar que no puede asumir los costos del cuidado a largo plazo.<\/p>\n\n\n\n<figure class=\"wp-block-pullquote alignwide lt-blue-splash\"><blockquote><p>\u201cCreo que cualquiera de nosotros podr\u00eda encontrarse en una situaci\u00f3n en la que necesite servicios de cuidado, no solo cuando somos adultos mayores. Durante mi primer embarazo, tuve que permanecer en reposo absoluto por cuatro meses; en cualquier momento puede surgir la necesidad de necesitar ayuda en casa<\/p><cite>\u2013 Kitty, Camano Island, WA<\/cite><\/blockquote><\/figure>\n\n\n\n<p>Cuando el abuelo de Kitty, un veterano de guerra, necesit\u00f3 servicios de cuidado, gast\u00f3 los ahorros de toda su vida para asumir los costos del cuidado a largo plazo. Tuvo que pedir una hipoteca inversa sobre su casa. Kitty sabe que WA Cares le habr\u00eda dado a su familia el tiempo suficiente para solicitar la ayuda del VA (el departamento federal de los veteranos) y evitar la venta de la casa familiar. Ahora, Kitty sabe que los beneficios de WA Cares pagar\u00e1n sus costos de cuidado a largo plazo cuando necesite apoyo con las tareas diarias.<\/p>\n<\/div>\n\n<div class=\"wp-block-group alignfull has-custom-1-background-color has-background is-layout-constrained wp-block-group-is-layout-constrained\" style=\"padding-top:var(--wp--preset--spacing--50);padding-bottom:var(--wp--preset--spacing--60)\">\n<h2 class=\"wp-block-heading has-nv-dark-bg-color has-text-color\">La historia de Kitty<\/h2>\n\n\n\n<p>Todos podemos encontrarnos en situaciones en las que necesitemos servicios de cuidado, sin importar nuestra edad. WA Cares no solo es para los adultos mayores. Podr\u00edamos necesitar cuidado a largo plazo en nuestros hogares en cualquier momento. Durante mi primer embarazo, tuve que permanecer en reposo absoluto por cuatro meses; no hace falta tener una edad determinada para necesitar servicios de cuidado.<\/p>\n\n\n\n<p><strong>\u201cMuchos de nosotros nos convertimos en cuidadores como resultado de acontecimientos personales en nuestras vidas.\u00a0<\/strong><\/p>\n\n\n\n<p>Me convert\u00ed en cuidadora porque uno de mis seres queridos necesitaba de mi ayuda para poder permanecer en su hogar. Mi propio abuelo, retirado del ej\u00e9rcito, termin\u00f3 gastando sus ahorros de toda su vida en los servicios de cuidado que necesitaba debido a los costos del cuidado a largo plazo. Mi familia no pudo conseguir toda la documentaci\u00f3n que necesitaba para obtener ayuda de sus beneficios de veterano, as\u00ed que tuvimos que conseguir una hipoteca inversa sobre su casa.<\/p>\n\n\n\n<p>Si el Fondo de WA Cares hubiera estado aqu\u00ed para mi abuelo, nuestra familia habr\u00eda tenido el tiempo necesario a fin de conseguir la documentaci\u00f3n necesaria para que \u00e9l pudiera obtener ayuda del VA (el departamento federal de los veteranos).<\/p>\n\n\n\n<figure class=\"wp-block-pullquote alignwide\"><blockquote><p>\u201cSi el Fondo de WA Cares hubiera estado aqu\u00ed para mi abuelo, nuestra familia habr\u00eda tenido el tiempo necesario a fin de conseguir la documentaci\u00f3n necesaria para que pudiera obtener la ayuda del VA (el departamento federal de los veteranos)\u00bb.<\/p><\/blockquote><\/figure>\n\n\n\n<p><strong>Me gusta cuando puedo ayudar a alguien a vivir con dignidad en su propia casa.<\/strong><\/p>\n\n\n\n<p>El aspecto m\u00e1s desafiante de ser cuidadora son las emociones que conlleva. Mis propias emociones y las de las personas a las que brindo servicios de cuidado. Puede ser una din\u00e1mica dif\u00edcil porque nos conoc\u00edamos antes de que uno de los dos necesitara servicios de cuidado. Realmente cambia las relaciones. Por suerte, ahora los costos del cuidado a largo plazo de WA no provocan m\u00e1s estr\u00e9s. Los beneficios de WA Cares les proporcionan a las personas ayuda domiciliaria cuando la necesitan.<\/p>\n\n\n\n<p>Me preocupa que pueda necesitar servicios de atenci\u00f3n alg\u00fan d\u00eda. Cuando eso ocurra, mi casa es sin duda el mejor lugar donde podr\u00eda estar. Fondo de WA Cares me va a ayudar a quedarme donde quiero estar sin preocuparme por los costos del cuidado a largo plazo.<\/p>\n\n\n\n<p><strong><span data-sheets-value=\"{&quot;1&quot;:2,&quot;2&quot;:&quot;No tengo nada ahorrado en caso de que necesitara ayuda en casa, en hacer las comidas o para movilizarme. &quot;}\" data-sheets-userformat=\"{&quot;2&quot;:10753,&quot;3&quot;:{&quot;1&quot;:0},&quot;12&quot;:0,&quot;14&quot;:{&quot;1&quot;:2,&quot;2&quot;:71971},&quot;16&quot;:10}\">No tengo nada ahorrado en caso de que necesitara ayuda en casa, en hacer las comidas o para movilizarme<\/span>.\u00a0<\/strong><\/p>\n\n\n\n<p>Cuando me convert\u00ed en cuidadora de un familiar, tuve que dejar un trabajo bien pagado y hacer sacrificios para proporcionar esa atenci\u00f3n. Los costos de la atenci\u00f3n a largo plazo superaron con creces el precio del tiempo en s\u00ed. Me preocupa poder volver a trabajar por mi p\u00e9rdida de experiencia. Los servicios de cuidado como profesi\u00f3n no son tan respetados como otros profesionales de atenci\u00f3n m\u00e9dica. WA Cares contribuir\u00e1 a ello pag\u00e1ndoles a los cuidadores familiares para que cuiden de sus seres queridos.\u00a0<\/p>\n\n\n\n<p>Los trabajadores que no contamos con ahorros grandes para pagar el servicio de cuidado, dispondremos del Fondo de WA Cares cuando necesitemos ayuda en nuestros hogares.<\/p>\n\n\n\n<details class=\"wp-block-stackable-accordion stk-block-accordion stk-inner-blocks has-text-align-left stk-block-content stk-block stk-51b60b4 stk-block-background is-style-default stk--no-padding\" data-block-id=\"51b60b4\"><style>.stk-51b60b4{background-color:var(--nv-primary-accent) !important;border-radius:8px !important;overflow:hidden !important;min-height:0px !important;margin-top:32px !important;margin-bottom:48px !important}.stk-51b60b4:before{background-color:var(--nv-primary-accent) !important}<\/style>\n<summary class=\"wp-block-stackable-column stk-block-column stk-column stk-block stk-6dee112 stk--container-small stk-block-accordion__heading\" data-v=\"4\" data-block-id=\"6dee112\"><style>.stk-6dee112-container{padding-top:0% !important;padding-right:30% !important;padding-bottom:0% !important;padding-left:30% !important}<\/style><div class=\"stk-column-wrapper stk-block-column__content stk-container stk-6dee112-container stk--no-background stk--no-padding\"><div class=\"stk-block-content stk-inner-blocks stk-6dee112-inner-blocks\">\n<div class=\"wp-block-stackable-icon-label stk-block-icon-label stk-block stk-f180e0e\" data-block-id=\"f180e0e\"><div class=\"stk-row stk-inner-blocks stk-block-content\">\n<div class=\"wp-block-stackable-heading stk-block-heading stk-block-heading--v2 stk-block stk-1d79265\" id=\"video-transcript\" data-block-id=\"1d79265\"><style>.stk-1d79265 .stk-block-heading__text{font-size:16px !important;color:var(--nv-text-dark-bg) !important}@media screen and (max-width:1023px){.stk-1d79265 .stk-block-heading__text{font-size:16px !important}}<\/style><h3 class=\"stk-block-heading__text has-text-color has-nv-text-dark-bg-color\">Transcripci\u00f3n del video<\/h3><\/div>\n\n\n\n<div class=\"wp-block-stackable-icon stk-block-icon stk-block stk-97c114e\" data-block-id=\"97c114e\"><style>.stk-97c114e .stk--svg-wrapper .stk--inner-svg svg:last-child,.stk-97c114e .stk--svg-wrapper .stk--inner-svg svg:last-child :is(g,path,rect,polygon,ellipse){fill:var(--nv-text-dark-bg) !important}.stk-97c114e .stk--svg-wrapper .stk--inner-svg{border-top-width:0px !important;border-right-width:0px !important;border-bottom-width:0px !important;border-left-width:0px !important}<\/style><span class=\"stk--svg-wrapper\"><div class=\"stk--inner-svg\"><svg style=\"height:0;width:0\"><defs><lineargradient id=\"linear-gradient-97c114e\" x1=\"0\" x2=\"100%\" y1=\"0\" y2=\"0\"><stop offset=\"0%\" style=\"stop-opacity:1;stop-color:var(--linear-gradient-97-c-114-e-color-1)\"><\/stop><stop offset=\"100%\" style=\"stop-opacity:1;stop-color:var(--linear-gradient-97-c-114-e-color-2)\"><\/stop><\/lineargradient><\/defs><\/svg><svg data-prefix=\"fas\" data-icon=\"chevron-down\" class=\"svg-inline--fa fa-chevron-down fa-w-14\" xmlns=\"http:\/\/www.w3.org\/2000\/svg\" viewbox=\"0 0 448 512\" aria-hidden=\"true\" width=\"32\" height=\"32\"><path fill=\"currentColor\" d=\"M207.029 381.476L12.686 187.132c-9.373-9.373-9.373-24.569 0-33.941l22.667-22.667c9.357-9.357 24.522-9.375 33.901-.04L224 284.505l154.745-154.021c9.379-9.335 24.544-9.317 33.901.04l22.667 22.667c9.373 9.373 9.373 24.569 0 33.941L240.971 381.476c-9.373 9.372-24.569 9.372-33.942 0z\"><\/path><\/svg><\/div><\/span><\/div>\n<\/div><\/div>\n<\/div><\/div><\/summary>\n\n\n\n<div class=\"wp-block-stackable-column stk-block-column stk-column stk-block stk-1451b4e stk-block-accordion__content\" data-v=\"4\" data-block-id=\"1451b4e\"><div class=\"stk-column-wrapper stk-block-column__content stk-container stk-1451b4e-container stk--no-background stk--no-padding\"><div class=\"stk-block-content stk-inner-blocks stk-1451b4e-inner-blocks\">\n<p class=\"has-nv-text-dark-bg-color has-text-color\">Hola, mi nombre es Kitty Richmeyer. Vivo en Camano Island, Washington, y he sido cuidadora durante siete a\u00f1os. Me gusta cuando puedo ayudar a alguien a vivir con dignidad en su propia casa. El aspecto m\u00e1s desafiante de ser cuidadora son las emociones que conlleva, ya sean las m\u00edas o las de mis clientes. Adem\u00e1s, hay una relaci\u00f3n din\u00e1mica, porque nos conocemos desde antes de requerir la atenci\u00f3n necesaria.\u00a0<\/p>\n\n\n\n<p class=\"has-nv-text-dark-bg-color has-text-color\">Cualquiera podr\u00eda encontrarse en una situaci\u00f3n que requiera servicios de atenci\u00f3n. No solo es para los adultos mayores. Puede ocurrir en cualquier momento. Durante mi primer embarazo, tuve que permanecer en reposo por cuatro meses, as\u00ed que no es solo para las personas de cierta edad. Puede ocurrir en cualquier momento.<\/p>\n\n\n\n<p class=\"has-nv-text-dark-bg-color has-text-color\">Cuando me convert\u00ed en cuidadora de un familiar, tuve que dejar un trabajo bien remunerado y hacer sacrificios para poder brindarle atenci\u00f3n. Y ahora que soy cuidadora desde hace tanto tiempo, me preocupa poder volver a formar parte de la fuerza laboral y la p\u00e9rdida de experiencia. Me preocupa que necesite servicios de atenci\u00f3n alg\u00fan d\u00eda, pero quedarme en casa es sin duda el mejor lugar en el que podr\u00eda estar. No tengo nada ahorrado en caso de que necesitara ayuda en casa, con las comidas, o algo parecido.<\/p>\n<\/div><\/div><\/div>\n<\/details>\n<\/div>\n\n<div class=\"wp-block-group is-layout-constrained wp-block-group-is-layout-constrained\">\n<h2 class=\"wp-block-heading has-text-align-center has-nv-dark-bg-color has-text-color\" id=\"shareyourstory\">Cu\u00e9ntenos c\u00f3mo WA Cares ayudar\u00e1 a su familia<\/h2>\n\n\n\n<div class=\"wp-block-group is-layout-constrained wp-block-group-is-layout-constrained\">\n<iframe loading=\"lazy\" title=\"Video Ask\" src=\"https:\/\/www.videoask.com\/fd4mbf05x\" allow=\"camera *; microphone *; autoplay *; encrypted-media *; fullscreen *; display-capture *;\" width=\"100%\" height=\"600px\" style=\"border: none; border-radius: 24px;\"><\/iframe>\n<\/div>\n\n\n\n<p class=\"has-text-align-center has-link-color wp-elements-59e43b15ff7ab573fef500a7f99982e5\">Obtenga m\u00e1s informaci\u00f3n sobre los costos del cuidado a largo plazo y <a href=\"https:\/\/wecareforwacares.org\/es\/wa-cares-fund\/\">c\u00f3mo el Fondo de WA Cares ayuda a los trabajadores de Washington.<\/a><\/p>\n<\/div>\n","protected":false},"excerpt":{"rendered":"<p>Los costos del cuidado a largo plazo ya no son una preocupaci\u00f3n gracias a WA Cares Kitty aprendi\u00f3 de la peor manera que a cualquier edad se puede necesitar servicios de cuidado. Cuando estaba embarazada de su primer hijo, tuvo que permanecer en reposo absoluto por cuatro meses. No ten\u00eda ni idea de los costos&hellip;&nbsp;<\/p>\n","protected":false},"author":2,"featured_media":0,"parent":0,"menu_order":0,"comment_status":"closed","ping_status":"closed","template":"","meta":{"inline_featured_image":false,"neve_meta_sidebar":"","neve_meta_container":"","neve_meta_enable_content_width":"","neve_meta_content_width":0,"neve_meta_title_alignment":"","neve_meta_author_avatar":"","neve_post_elements_order":"","neve_meta_disable_header":"","neve_meta_disable_footer":"","neve_meta_disable_title":"","neve_meta_reading_time":"","footnotes":""},"class_list":["post-2913","page","type-page","status-publish","hentry"],"yoast_head":"<!-- This site is optimized with the Yoast SEO plugin v27.4 - https:\/\/yoast.com\/product\/yoast-seo-wordpress\/ -->\n<title>Soluciones a los costos del cuidado a largo plazo | We Care For WA Cares<\/title>\n<meta name=\"description\" content=\"WA Cares tiene el prop\u00f3sito de ayudarle a acceder a cuidado a largo plazo asequible. Obtenga m\u00e1s informaci\u00f3n sobre c\u00f3mo reducir los costos del cuidado a largo plazo en We Care For WA Cares.\" \/>\n<meta name=\"robots\" content=\"index, follow, max-snippet:-1, max-image-preview:large, max-video-preview:-1\" \/>\n<link rel=\"canonical\" href=\"https:\/\/wecareforwacares.org\/es\/wa-long-term-care-costs\/\" \/>\n<meta property=\"og:locale\" content=\"es_ES\" \/>\n<meta property=\"og:type\" content=\"article\" \/>\n<meta property=\"og:title\" content=\"Soluciones a los costos del cuidado a largo plazo | We Care For WA Cares\" \/>\n<meta property=\"og:description\" content=\"WA Cares tiene el prop\u00f3sito de ayudarle a acceder a cuidado a largo plazo asequible. Obtenga m\u00e1s informaci\u00f3n sobre c\u00f3mo reducir los costos del cuidado a largo plazo en We Care For WA Cares.\" \/>\n<meta property=\"og:url\" content=\"https:\/\/wecareforwacares.org\/es\/wa-long-term-care-costs\/\" \/>\n<meta property=\"og:site_name\" content=\"We Care for WA Cares\" \/>\n<meta property=\"article:publisher\" content=\"https:\/\/www.facebook.com\/WeCareForWACares\" \/>\n<meta property=\"article:modified_time\" content=\"2023-10-03T01:52:04+00:00\" \/>\n<meta property=\"og:image\" content=\"https:\/\/wecareforwacares.org\/wp-content\/uploads\/2023\/05\/we-care-for-wa-cares-logo-2.jpg\" \/>\n\t<meta property=\"og:image:width\" content=\"1200\" \/>\n\t<meta property=\"og:image:height\" content=\"675\" \/>\n\t<meta property=\"og:image:type\" content=\"image\/jpeg\" \/>\n<meta name=\"twitter:card\" content=\"summary_large_image\" \/>\n<meta name=\"twitter:title\" content=\"Soluciones a los costos de la cuidado a largo plazo\" \/>\n<meta name=\"twitter:description\" content=\"WA Cares tiene el prop\u00f3sito de ayudarle a acceder a cuidado a largo plazo asequible. Obtenga m\u00e1s informaci\u00f3n sobre c\u00f3mo reducir los costos del cuidado a largo plazo en We Care For WA Cares.\" \/>\n<meta name=\"twitter:site\" content=\"@WeCare4WACares\" \/>\n<meta name=\"twitter:label1\" content=\"Tiempo de lectura\" \/>\n\t<meta name=\"twitter:data1\" content=\"5 minutos\" \/>\n<script type=\"application\/ld+json\" class=\"yoast-schema-graph\">{\"@context\":\"https:\\\/\\\/schema.org\",\"@graph\":[{\"@type\":\"WebPage\",\"@id\":\"https:\\\/\\\/wecareforwacares.org\\\/es\\\/wa-long-term-care-costs\\\/\",\"url\":\"https:\\\/\\\/wecareforwacares.org\\\/es\\\/wa-long-term-care-costs\\\/\",\"name\":\"Soluciones a los costos del cuidado a largo plazo | We Care For WA Cares\",\"isPartOf\":{\"@id\":\"https:\\\/\\\/wecareforwacares.org\\\/#website\"},\"datePublished\":\"2023-05-03T20:51:33+00:00\",\"dateModified\":\"2023-10-03T01:52:04+00:00\",\"description\":\"WA Cares tiene el prop\u00f3sito de ayudarle a acceder a cuidado a largo plazo asequible. Obtenga m\u00e1s informaci\u00f3n sobre c\u00f3mo reducir los costos del cuidado a largo plazo en We Care For WA Cares.\",\"breadcrumb\":{\"@id\":\"https:\\\/\\\/wecareforwacares.org\\\/es\\\/wa-long-term-care-costs\\\/#breadcrumb\"},\"inLanguage\":\"es\",\"potentialAction\":[{\"@type\":\"ReadAction\",\"target\":[\"https:\\\/\\\/wecareforwacares.org\\\/es\\\/wa-long-term-care-costs\\\/\"]}]},{\"@type\":\"BreadcrumbList\",\"@id\":\"https:\\\/\\\/wecareforwacares.org\\\/es\\\/wa-long-term-care-costs\\\/#breadcrumb\",\"itemListElement\":[{\"@type\":\"ListItem\",\"position\":1,\"name\":\"Home\",\"item\":\"https:\\\/\\\/wecareforwacares.org\\\/\"},{\"@type\":\"ListItem\",\"position\":2,\"name\":\"Kitty \u2192 Beneficios de WA Cares &gt; Costos de la cuidado a largo plazo en WA\"}]},{\"@type\":\"WebSite\",\"@id\":\"https:\\\/\\\/wecareforwacares.org\\\/#website\",\"url\":\"https:\\\/\\\/wecareforwacares.org\\\/\",\"name\":\"We Care for WA Cares\",\"description\":\"70% of us will need long-term care\",\"publisher\":{\"@id\":\"https:\\\/\\\/wecareforwacares.org\\\/#organization\"},\"alternateName\":\"We Care for WA Cares\",\"potentialAction\":[{\"@type\":\"SearchAction\",\"target\":{\"@type\":\"EntryPoint\",\"urlTemplate\":\"https:\\\/\\\/wecareforwacares.org\\\/?s={search_term_string}\"},\"query-input\":{\"@type\":\"PropertyValueSpecification\",\"valueRequired\":true,\"valueName\":\"search_term_string\"}}],\"inLanguage\":\"es\"},{\"@type\":\"Organization\",\"@id\":\"https:\\\/\\\/wecareforwacares.org\\\/#organization\",\"name\":\"We Care for WA Caares\",\"alternateName\":\"We Care for WA Caares\",\"url\":\"https:\\\/\\\/wecareforwacares.org\\\/\",\"logo\":{\"@type\":\"ImageObject\",\"inLanguage\":\"es\",\"@id\":\"https:\\\/\\\/wecareforwacares.org\\\/#\\\/schema\\\/logo\\\/image\\\/\",\"url\":\"https:\\\/\\\/wecareforwacares.org\\\/wp-content\\\/uploads\\\/2023\\\/05\\\/we-care-for-wa-cares-logo.jpg\",\"contentUrl\":\"https:\\\/\\\/wecareforwacares.org\\\/wp-content\\\/uploads\\\/2023\\\/05\\\/we-care-for-wa-cares-logo.jpg\",\"width\":700,\"height\":700,\"caption\":\"We Care for WA Caares\"},\"image\":{\"@id\":\"https:\\\/\\\/wecareforwacares.org\\\/#\\\/schema\\\/logo\\\/image\\\/\"},\"sameAs\":[\"https:\\\/\\\/www.facebook.com\\\/WeCareForWACares\",\"https:\\\/\\\/x.com\\\/WeCare4WACares\",\"https:\\\/\\\/www.youtube.com\\\/channel\\\/UCICpxHAJPKocRrFM3WErRXw\",\"https:\\\/\\\/www.instagram.com\\\/wecare4wacares\\\/\"]}]}<\/script>\n<!-- \/ Yoast SEO plugin. -->","yoast_head_json":{"title":"Soluciones a los costos del cuidado a largo plazo | We Care For WA Cares","description":"WA Cares tiene el prop\u00f3sito de ayudarle a acceder a cuidado a largo plazo asequible. Obtenga m\u00e1s informaci\u00f3n sobre c\u00f3mo reducir los costos del cuidado a largo plazo en We Care For WA Cares.","robots":{"index":"index","follow":"follow","max-snippet":"max-snippet:-1","max-image-preview":"max-image-preview:large","max-video-preview":"max-video-preview:-1"},"canonical":"https:\/\/wecareforwacares.org\/es\/wa-long-term-care-costs\/","og_locale":"es_ES","og_type":"article","og_title":"Soluciones a los costos del cuidado a largo plazo | We Care For WA Cares","og_description":"WA Cares tiene el prop\u00f3sito de ayudarle a acceder a cuidado a largo plazo asequible. Obtenga m\u00e1s informaci\u00f3n sobre c\u00f3mo reducir los costos del cuidado a largo plazo en We Care For WA Cares.","og_url":"https:\/\/wecareforwacares.org\/es\/wa-long-term-care-costs\/","og_site_name":"We Care for WA Cares","article_publisher":"https:\/\/www.facebook.com\/WeCareForWACares","article_modified_time":"2023-10-03T01:52:04+00:00","og_image":[{"width":1200,"height":675,"url":"https:\/\/wecareforwacares.org\/wp-content\/uploads\/2023\/05\/we-care-for-wa-cares-logo-2.jpg","type":"image\/jpeg"}],"twitter_card":"summary_large_image","twitter_title":"Soluciones a los costos de la cuidado a largo plazo","twitter_description":"WA Cares tiene el prop\u00f3sito de ayudarle a acceder a cuidado a largo plazo asequible. Obtenga m\u00e1s informaci\u00f3n sobre c\u00f3mo reducir los costos del cuidado a largo plazo en We Care For WA Cares.","twitter_site":"@WeCare4WACares","twitter_misc":{"Tiempo de lectura":"5 minutos"},"schema":{"@context":"https:\/\/schema.org","@graph":[{"@type":"WebPage","@id":"https:\/\/wecareforwacares.org\/es\/wa-long-term-care-costs\/","url":"https:\/\/wecareforwacares.org\/es\/wa-long-term-care-costs\/","name":"Soluciones a los costos del cuidado a largo plazo | We Care For WA Cares","isPartOf":{"@id":"https:\/\/wecareforwacares.org\/#website"},"datePublished":"2023-05-03T20:51:33+00:00","dateModified":"2023-10-03T01:52:04+00:00","description":"WA Cares tiene el prop\u00f3sito de ayudarle a acceder a cuidado a largo plazo asequible. Obtenga m\u00e1s informaci\u00f3n sobre c\u00f3mo reducir los costos del cuidado a largo plazo en We Care For WA Cares.","breadcrumb":{"@id":"https:\/\/wecareforwacares.org\/es\/wa-long-term-care-costs\/#breadcrumb"},"inLanguage":"es","potentialAction":[{"@type":"ReadAction","target":["https:\/\/wecareforwacares.org\/es\/wa-long-term-care-costs\/"]}]},{"@type":"BreadcrumbList","@id":"https:\/\/wecareforwacares.org\/es\/wa-long-term-care-costs\/#breadcrumb","itemListElement":[{"@type":"ListItem","position":1,"name":"Home","item":"https:\/\/wecareforwacares.org\/"},{"@type":"ListItem","position":2,"name":"Kitty \u2192 Beneficios de WA Cares &gt; Costos de la cuidado a largo plazo en WA"}]},{"@type":"WebSite","@id":"https:\/\/wecareforwacares.org\/#website","url":"https:\/\/wecareforwacares.org\/","name":"We Care for WA Cares","description":"70% of us will need long-term care","publisher":{"@id":"https:\/\/wecareforwacares.org\/#organization"},"alternateName":"We Care for WA Cares","potentialAction":[{"@type":"SearchAction","target":{"@type":"EntryPoint","urlTemplate":"https:\/\/wecareforwacares.org\/?s={search_term_string}"},"query-input":{"@type":"PropertyValueSpecification","valueRequired":true,"valueName":"search_term_string"}}],"inLanguage":"es"},{"@type":"Organization","@id":"https:\/\/wecareforwacares.org\/#organization","name":"We Care for WA Caares","alternateName":"We Care for WA Caares","url":"https:\/\/wecareforwacares.org\/","logo":{"@type":"ImageObject","inLanguage":"es","@id":"https:\/\/wecareforwacares.org\/#\/schema\/logo\/image\/","url":"https:\/\/wecareforwacares.org\/wp-content\/uploads\/2023\/05\/we-care-for-wa-cares-logo.jpg","contentUrl":"https:\/\/wecareforwacares.org\/wp-content\/uploads\/2023\/05\/we-care-for-wa-cares-logo.jpg","width":700,"height":700,"caption":"We Care for WA Caares"},"image":{"@id":"https:\/\/wecareforwacares.org\/#\/schema\/logo\/image\/"},"sameAs":["https:\/\/www.facebook.com\/WeCareForWACares","https:\/\/x.com\/WeCare4WACares","https:\/\/www.youtube.com\/channel\/UCICpxHAJPKocRrFM3WErRXw","https:\/\/www.instagram.com\/wecare4wacares\/"]}]}},"_links":{"self":[{"href":"https:\/\/wecareforwacares.org\/es\/wp-json\/wp\/v2\/pages\/2913","targetHints":{"allow":["GET"]}}],"collection":[{"href":"https:\/\/wecareforwacares.org\/es\/wp-json\/wp\/v2\/pages"}],"about":[{"href":"https:\/\/wecareforwacares.org\/es\/wp-json\/wp\/v2\/types\/page"}],"author":[{"embeddable":true,"href":"https:\/\/wecareforwacares.org\/es\/wp-json\/wp\/v2\/users\/2"}],"replies":[{"embeddable":true,"href":"https:\/\/wecareforwacares.org\/es\/wp-json\/wp\/v2\/comments?post=2913"}],"version-history":[{"count":5,"href":"https:\/\/wecareforwacares.org\/es\/wp-json\/wp\/v2\/pages\/2913\/revisions"}],"predecessor-version":[{"id":3331,"href":"https:\/\/wecareforwacares.org\/es\/wp-json\/wp\/v2\/pages\/2913\/revisions\/3331"}],"wp:attachment":[{"href":"https:\/\/wecareforwacares.org\/es\/wp-json\/wp\/v2\/media?parent=2913"}],"curies":[{"name":"wp","href":"https:\/\/api.w.org\/{rel}","templated":true}]}}