{"id":2915,"date":"2023-05-03T20:53:53","date_gmt":"2023-05-03T20:53:53","guid":{"rendered":"https:\/\/wecareforwacares.org\/vicki-%e2%86%92-beneficios-de-wa-cares-envejecimiento-y-atencion-a-largo-plazo\/"},"modified":"2023-10-03T02:35:00","modified_gmt":"2023-10-03T02:35:00","slug":"aging-and-long-term-care","status":"publish","type":"page","link":"https:\/\/wecareforwacares.org\/es\/aging-and-long-term-care\/","title":{"rendered":"Vicki \u2192 Beneficios de WA Cares &gt; El Envejecimiento y Cuidado Domiciliario"},"content":{"rendered":"\n<div class=\"wp-block-group alignfull lt-blue-wc-white-lg-btm has-neve-link-color-background-color has-background is-layout-constrained wp-block-group-is-layout-constrained\">\n<h1 class=\"wp-block-heading has-text-align-center has-nv-text-dark-bg-color has-neve-link-hover-color-background-color has-text-color has-background\" style=\"padding-top:var(--wp--preset--spacing--30);padding-right:var(--wp--preset--spacing--30);padding-bottom:var(--wp--preset--spacing--30);padding-left:var(--wp--preset--spacing--30)\">WA Cares ayuda a planificar el proceso del envejecimiento y el cuidado a largo plazo<\/h1>\n\n\n\n<figure class=\"wp-block-embed alignwide is-type-video is-provider-youtube wp-block-embed-youtube wp-embed-aspect-16-9 wp-has-aspect-ratio img-shadow\"><div class=\"wp-block-embed__wrapper\">\r\n<div class=\"nv-iframe-embed\"><iframe loading=\"lazy\" title=\"Vicki | Aging And Long Term Care\" width=\"1200\" height=\"675\" src=\"https:\/\/www.youtube.com\/embed\/04xun3xCrvc?feature=oembed\" frameborder=\"0\" allow=\"accelerometer; autoplay; clipboard-write; encrypted-media; gyroscope; picture-in-picture; web-share\" allowfullscreen><\/iframe><\/div>\r\n<\/div><\/figure>\r\n<\/div>\n\n<div class=\"wp-block-group alignfull is-layout-constrained wp-block-group-is-layout-constrained\">\n<p>Vicki ha dedicado su vida a ayudar a las personas a recuperarse y a ocuparse de sus tareas diarias. Cri\u00f3 sola a sus tres hijos y trabaj\u00f3 como asistente de cuidado domiciliario. Ahora, es ella quien se enfrenta a las realidades del envejecimiento y el cuidado a largo plazo.<\/p>\n\n\n\n<figure class=\"wp-block-pullquote alignwide lt-blue-splash\"><blockquote><p>\u201cGracias a WA Cares podr\u00e9 disponer de $36,500 para recibir los servicios de un asistente de cuidado domiciliario, cambiar mis escaleras por una rampa y cubrir otras necesidades. Gracias a los legisladores de Olympia, el Fondo de WA Cares cubre ahora a un mill\u00f3n de personas m\u00e1s que est\u00e1n apunto de jubilarse. Es una gran noticia para todas las familias que trabajan, para la suya y para la m\u00eda\u201d.<\/p><cite>\u2013 Vicki Bickford, Vancouver, WA<\/cite><\/blockquote><\/figure>\n\n\n\n<p>Debido a la artritis agresiva, a Vicki le resulta dif\u00edcil hacer las cosas que sol\u00eda hacer. Sabe que pronto necesitar\u00e1 ayuda. En lugar de preocuparse por ello, Vicki sabe que los beneficios de WA Cares estar\u00e1n ah\u00ed para ella. Vicki tendr\u00e1 cobertura para todo lo que necesite, desde equipos m\u00e9dicos hasta adaptaciones en el hogar y apoyo general.<\/p>\n<\/div>\n\n<div class=\"wp-block-group alignfull has-custom-1-background-color has-background is-layout-constrained wp-block-group-is-layout-constrained\" style=\"padding-top:var(--wp--preset--spacing--50);padding-bottom:var(--wp--preset--spacing--60)\">\n<h2 class=\"wp-block-heading has-nv-dark-bg-color has-text-color\">La historia de Vicki:<\/h2>\n\n\n\n<p><strong>Parece que siempre he sido cuidadora.<\/strong><\/p>\n\n\n\n<p>Primero fui madre soltera responsable de tres ni\u00f1os. Luego me convert\u00ed en asistente de cuidado domiciliario de personas con c\u00e1ncer, Alzheimer y otras discapacidades. Pero a medida que me acerco a la jubilaci\u00f3n, soy yo la que lucha con algunas de las tareas b\u00e1sicas de la vida diaria.<\/p>\n\n\n\n<p>La artritis agresiva hace que incluso caminar resulte dif\u00edcil. Como tengo experiencia directa apoyando a personas que necesitan ayuda, s\u00e9 que alg\u00fan d\u00eda ser\u00e9 yo quien necesite que alguien me ayude.<\/p>\n\n\n\n<p>Cuando las personas escuchan \u201ccuidado a largo plazo\u201d, probablemente se imaginan a alguien muy mayor y enfermo que vive en un asilo para ancianos. El cuidado a largo plazo es solo un t\u00e9rmino para cuando se necesita un poco de ayuda para hacer los quehaceres diarios como vestirse, ba\u00f1arse, administrar los medicamentos, preparar las comidas, y movilizarse. Una lesi\u00f3n, enfermedad o dolencia puede suponer limitaciones que dificulten la realizaci\u00f3n de estas tareas b\u00e1sicas. Y a menudo vivimos negando que estas limitaciones pueden afectarnos a cualquiera de nosotros, a cualquier edad.<\/p>\n\n\n\n<p><strong><span data-sheets-value=\"{&quot;1&quot;:2,&quot;2&quot;:&quot;Una nueva forma de pagar los servicios de cuidado que necesitamos.&quot;}\" data-sheets-userformat=\"{&quot;2&quot;:10817,&quot;3&quot;:{&quot;1&quot;:0},&quot;9&quot;:0,&quot;12&quot;:0,&quot;14&quot;:{&quot;1&quot;:2,&quot;2&quot;:71971},&quot;16&quot;:10}\">Una nueva forma de pagar los servicios de cuidado que necesitamos<\/span>.<\/strong><\/p>\n\n\n\n<p>El hecho es que la mayor\u00eda de nosotros necesitaremos servicios de cuidado o seremos cuidadores de un familiar o un amigo. Y seamos realistas, la mayor\u00eda de nosotros (el 90\u00a0%) no tiene dinero ahorrado para pagarle a alguien que nos ayude. Muchas personas no se dan cuenta de que Medicare y los seguros m\u00e9dicos no cubren el cuidado domiciliario ni la estancia en un centro de cuidado a largo plazo. Tampoco cubren equipos m\u00e9dicos como andadores y sillas de ruedas, ni adaptaciones en el hogar como rampas y duchas a ras de suelo.<\/p>\n\n\n\n<p>Hasta ahora, solo ten\u00edamos tres opciones para pagar la ayuda domiciliaria:<br\/><\/p>\n\n\n\n<ul class=\"wp-block-list\">\n<li>1. Pagar por cuenta propia con nuestros ahorros o ingresos;<\/li>\n<\/ul>\n\n\n\n<ul class=\"wp-block-list\">\n<li>2. intentar contratar una costosa p\u00f3liza de seguro privado de cuidado a largo plazo. Pero hay que tener en cuenta que a la mayor\u00eda se la negar\u00e1n si padece una enfermedad pre-existente. Estas p\u00f3lizas cuestan entre $5,000 y $7,000 en promedio al a\u00f1o para una pareja de 65 a\u00f1os. Adem\u00e1s, deber\u00e1 pagar cuotas mensuales incluso despu\u00e9s de jubilarse; o<\/li>\n<\/ul>\n\n\n\n<ul class=\"wp-block-list\">\n<li>3. agotar los ahorros de toda la vida y vender todos los bienes para poder acceder a los servicios de Medicaid.<\/li>\n<\/ul>\n\n\n\n<p><strong><span data-sheets-value=\"{&quot;1&quot;:2,&quot;2&quot;:&quot;Pero Washington ha creado una nueva forma: el Fondo de WA Cares, que ayudar&#xE1; a los trabajadores, incluso a los que est&#xE1;n apunto de jubilarse, como yo.&quot;}\" data-sheets-userformat=\"{&quot;2&quot;:10817,&quot;3&quot;:{&quot;1&quot;:0},&quot;9&quot;:0,&quot;12&quot;:0,&quot;14&quot;:{&quot;1&quot;:2,&quot;2&quot;:71971},&quot;16&quot;:10}\">Pero Washington ha creado una nueva forma: el Fondo de WA Cares, que ayudar\u00e1 a los trabajadores, incluso a los que est\u00e1n apunto de jubilarse, como yo<\/span>.<\/strong><\/p>\n\n\n\n<p>El Fondo de WA Cares le proporciona $36,500 (que aumentan seg\u00fan la inflaci\u00f3n econ\u00f3mica) en fondos flexibles cuando necesite servicios de cuidado. Puede ser cualquier eventualidad, desde una lesi\u00f3n inesperada hasta una enfermedad como la artritis reumatoide, la diabetes, el lupus, el c\u00e1ncer o la demencia.<\/p>\n\n\n\n<p>Para personas como yo, $36,500 es una gran ayuda. Me permitir\u00e1 pagar a un asistente de cuidado domiciliario durante unas horas a la semana para que me ayude con las comidas, la administraci\u00f3n de los medicamentos, el transporte o las adaptaciones en el hogar. WA Cares es una red de seguridad que proporciona dinero para pagar a un asistente de cuidado domiciliario para pagar su tiempo por brindar cuidado a un ser querido. Estoy segura de que WA Cares estar\u00e1 ah\u00ed para m\u00ed cuando me enfrente a las inevitables limitaciones que conlleva el envejecimiento.<\/p>\n\n\n\n<details class=\"wp-block-stackable-accordion stk-block-accordion stk-inner-blocks has-text-align-left stk-block-content stk-block stk-51b60b4 stk-block-background is-style-default stk--no-padding\" data-block-id=\"51b60b4\"><style>.stk-51b60b4{background-color:var(--nv-primary-accent) !important;border-radius:8px !important;overflow:hidden !important;min-height:0px !important;margin-top:32px !important;margin-bottom:48px !important}.stk-51b60b4:before{background-color:var(--nv-primary-accent) !important}<\/style>\n<summary class=\"wp-block-stackable-column stk-block-column stk-column stk-block stk-6dee112 stk--container-small stk-block-accordion__heading\" data-v=\"4\" data-block-id=\"6dee112\"><style>.stk-6dee112-container{padding-top:0% !important;padding-right:30% !important;padding-bottom:0% !important;padding-left:30% !important}<\/style><div class=\"stk-column-wrapper stk-block-column__content stk-container stk-6dee112-container stk--no-background stk--no-padding\"><div class=\"stk-block-content stk-inner-blocks stk-6dee112-inner-blocks\">\n<div class=\"wp-block-stackable-icon-label stk-block-icon-label stk-block stk-f180e0e\" data-block-id=\"f180e0e\"><div class=\"stk-row stk-inner-blocks stk-block-content\">\n<div class=\"wp-block-stackable-heading stk-block-heading stk-block-heading--v2 stk-block stk-1d79265\" id=\"video-transcript\" data-block-id=\"1d79265\"><style>.stk-1d79265 .stk-block-heading__text{font-size:16px !important;color:var(--nv-text-dark-bg) !important}@media screen and (max-width:1023px){.stk-1d79265 .stk-block-heading__text{font-size:16px !important}}<\/style><h3 class=\"stk-block-heading__text has-text-color has-nv-text-dark-bg-color\">Transcripci\u00f3n del video<\/h3><\/div>\n\n\n\n<div class=\"wp-block-stackable-icon stk-block-icon stk-block stk-97c114e\" data-block-id=\"97c114e\"><style>.stk-97c114e .stk--svg-wrapper .stk--inner-svg svg:last-child,.stk-97c114e .stk--svg-wrapper .stk--inner-svg svg:last-child :is(g,path,rect,polygon,ellipse){fill:var(--nv-text-dark-bg) !important}.stk-97c114e .stk--svg-wrapper .stk--inner-svg{border-top-width:0px !important;border-right-width:0px !important;border-bottom-width:0px !important;border-left-width:0px !important}<\/style><span class=\"stk--svg-wrapper\"><div class=\"stk--inner-svg\"><svg style=\"height:0;width:0\"><defs><lineargradient id=\"linear-gradient-97c114e\" x1=\"0\" x2=\"100%\" y1=\"0\" y2=\"0\"><stop offset=\"0%\" style=\"stop-opacity:1;stop-color:var(--linear-gradient-97-c-114-e-color-1)\"><\/stop><stop offset=\"100%\" style=\"stop-opacity:1;stop-color:var(--linear-gradient-97-c-114-e-color-2)\"><\/stop><\/lineargradient><\/defs><\/svg><svg data-prefix=\"fas\" data-icon=\"chevron-down\" class=\"svg-inline--fa fa-chevron-down fa-w-14\" xmlns=\"http:\/\/www.w3.org\/2000\/svg\" viewbox=\"0 0 448 512\" aria-hidden=\"true\" width=\"32\" height=\"32\"><path fill=\"currentColor\" d=\"M207.029 381.476L12.686 187.132c-9.373-9.373-9.373-24.569 0-33.941l22.667-22.667c9.357-9.357 24.522-9.375 33.901-.04L224 284.505l154.745-154.021c9.379-9.335 24.544-9.317 33.901.04l22.667 22.667c9.373 9.373 9.373 24.569 0 33.941L240.971 381.476c-9.373 9.372-24.569 9.372-33.942 0z\"><\/path><\/svg><\/div><\/span><\/div>\n<\/div><\/div>\n<\/div><\/div><\/summary>\n\n\n\n<div class=\"wp-block-stackable-column stk-block-column stk-column stk-block stk-1451b4e stk-block-accordion__content\" data-v=\"4\" data-block-id=\"1451b4e\"><div class=\"stk-column-wrapper stk-block-column__content stk-container stk-1451b4e-container stk--no-background stk--no-padding\"><div class=\"stk-block-content stk-inner-blocks stk-1451b4e-inner-blocks\">\n<p class=\"has-nv-text-dark-bg-color has-text-color\">\u201cSiempre he sido cuidadora. Primero como madre soltera responsable de tres ni\u00f1os. Luego como asistente de atenci\u00f3n domiciliaria de personas con c\u00e1ncer, Alzheimer y otras discapacidades. Gracias a los legisladores, el WA Cares Fund cubre ahora a un mill\u00f3n de personas que est\u00e1n pr\u00f3ximas a jubilarse\u201d.<\/p>\n<\/div><\/div><\/div>\n<\/details>\n<\/div>\n\n<div class=\"wp-block-group is-layout-constrained wp-block-group-is-layout-constrained\">\n<h2 class=\"wp-block-heading has-text-align-center has-nv-dark-bg-color has-text-color\" id=\"shareyourstory\">Cu\u00e9ntenos c\u00f3mo WA Cares ayudar\u00e1 a su familia<\/h2>\n\n\n\n<div class=\"wp-block-group is-layout-constrained wp-block-group-is-layout-constrained\">\n<iframe loading=\"lazy\" title=\"Video Ask\" src=\"https:\/\/www.videoask.com\/fd4mbf05x\" allow=\"camera *; microphone *; autoplay *; encrypted-media *; fullscreen *; display-capture *;\" width=\"100%\" height=\"600px\" style=\"border: none; border-radius: 24px;\"><\/iframe>\n<\/div>\n\n\n\n<p class=\"has-text-align-center has-link-color wp-elements-c648c55ed17e604e83d04140365bfca5\">Obtenga m\u00e1s informaci\u00f3n sobre el envejecimiento y el cuidado a largo plazo, y sobre <a href=\"https:\/\/wecareforwacares.org\/es\/wa-cares-fund\/\">c\u00f3mo el Fondo de WA Cares ayuda a los trabajadores de Washington.<\/a><\/p>\n<\/div>\n","protected":false},"excerpt":{"rendered":"<p>WA Cares ayuda a planificar el proceso del envejecimiento y el cuidado a largo plazo Vicki ha dedicado su vida a ayudar a las personas a recuperarse y a ocuparse de sus tareas diarias. Cri\u00f3 sola a sus tres hijos y trabaj\u00f3 como asistente de cuidado domiciliario. Ahora, es ella quien se enfrenta a las&hellip;&nbsp;<\/p>\n","protected":false},"author":2,"featured_media":0,"parent":0,"menu_order":0,"comment_status":"closed","ping_status":"closed","template":"","meta":{"inline_featured_image":false,"neve_meta_sidebar":"","neve_meta_container":"","neve_meta_enable_content_width":"","neve_meta_content_width":0,"neve_meta_title_alignment":"","neve_meta_author_avatar":"","neve_post_elements_order":"","neve_meta_disable_header":"","neve_meta_disable_footer":"","neve_meta_disable_title":"","neve_meta_reading_time":"","footnotes":""},"class_list":["post-2915","page","type-page","status-publish","hentry"],"yoast_head":"<!-- This site is optimized with the Yoast SEO plugin v27.4 - https:\/\/yoast.com\/product\/yoast-seo-wordpress\/ -->\n<title>Apoyo relacionado al envejecimiento y el cuidado a largo plazo | We Care For WA Cares<\/title>\n<meta name=\"description\" content=\"\u00bfPreocupado por el envejecimiento y los costos del cuidado a largo plazo? WA Cares es una opci\u00f3n accesible para los trabajadores de Washington. Obtenga m\u00e1s informaci\u00f3n sobre We Care For WA Cares.\" \/>\n<meta name=\"robots\" content=\"index, follow, max-snippet:-1, max-image-preview:large, max-video-preview:-1\" \/>\n<link rel=\"canonical\" href=\"https:\/\/wecareforwacares.org\/es\/aging-and-long-term-care\/\" \/>\n<meta property=\"og:locale\" content=\"es_ES\" \/>\n<meta property=\"og:type\" content=\"article\" \/>\n<meta property=\"og:title\" content=\"Apoyo relacionado al envejecimiento y el cuidado a largo plazo | We Care For WA Cares\" \/>\n<meta property=\"og:description\" content=\"\u00bfPreocupado por el envejecimiento y los costos del cuidado a largo plazo? WA Cares es una opci\u00f3n accesible para los trabajadores de Washington. Obtenga m\u00e1s informaci\u00f3n sobre We Care For WA Cares.\" \/>\n<meta property=\"og:url\" content=\"https:\/\/wecareforwacares.org\/es\/aging-and-long-term-care\/\" \/>\n<meta property=\"og:site_name\" content=\"We Care for WA Cares\" \/>\n<meta property=\"article:publisher\" content=\"https:\/\/www.facebook.com\/WeCareForWACares\" \/>\n<meta property=\"article:modified_time\" content=\"2023-10-03T02:35:00+00:00\" \/>\n<meta property=\"og:image\" content=\"https:\/\/wecareforwacares.org\/wp-content\/uploads\/2023\/05\/we-care-for-wa-cares-logo-2.jpg\" \/>\n\t<meta property=\"og:image:width\" content=\"1200\" \/>\n\t<meta property=\"og:image:height\" content=\"675\" \/>\n\t<meta property=\"og:image:type\" content=\"image\/jpeg\" \/>\n<meta name=\"twitter:card\" content=\"summary_large_image\" \/>\n<meta name=\"twitter:title\" content=\"Apoyo relacionado con el envejecimiento y el cuidado a largo plazo\" \/>\n<meta name=\"twitter:description\" content=\"\u00bfPreocupado por el envejecimiento y los costos del cuidado a largo plazo? WA Cares es una opci\u00f3n accesible para los trabajadores de Washington. Obtenga m\u00e1s informaci\u00f3n sobre We Care For WA Cares.\" \/>\n<meta name=\"twitter:site\" content=\"@WeCare4WACares\" \/>\n<meta name=\"twitter:label1\" content=\"Tiempo de lectura\" \/>\n\t<meta name=\"twitter:data1\" content=\"4 minutos\" \/>\n<script type=\"application\/ld+json\" class=\"yoast-schema-graph\">{\"@context\":\"https:\\\/\\\/schema.org\",\"@graph\":[{\"@type\":\"WebPage\",\"@id\":\"https:\\\/\\\/wecareforwacares.org\\\/es\\\/aging-and-long-term-care\\\/\",\"url\":\"https:\\\/\\\/wecareforwacares.org\\\/es\\\/aging-and-long-term-care\\\/\",\"name\":\"Apoyo relacionado al envejecimiento y el cuidado a largo plazo | We Care For WA Cares\",\"isPartOf\":{\"@id\":\"https:\\\/\\\/wecareforwacares.org\\\/#website\"},\"datePublished\":\"2023-05-03T20:53:53+00:00\",\"dateModified\":\"2023-10-03T02:35:00+00:00\",\"description\":\"\u00bfPreocupado por el envejecimiento y los costos del cuidado a largo plazo? WA Cares es una opci\u00f3n accesible para los trabajadores de Washington. Obtenga m\u00e1s informaci\u00f3n sobre We Care For WA Cares.\",\"breadcrumb\":{\"@id\":\"https:\\\/\\\/wecareforwacares.org\\\/es\\\/aging-and-long-term-care\\\/#breadcrumb\"},\"inLanguage\":\"es\",\"potentialAction\":[{\"@type\":\"ReadAction\",\"target\":[\"https:\\\/\\\/wecareforwacares.org\\\/es\\\/aging-and-long-term-care\\\/\"]}]},{\"@type\":\"BreadcrumbList\",\"@id\":\"https:\\\/\\\/wecareforwacares.org\\\/es\\\/aging-and-long-term-care\\\/#breadcrumb\",\"itemListElement\":[{\"@type\":\"ListItem\",\"position\":1,\"name\":\"Home\",\"item\":\"https:\\\/\\\/wecareforwacares.org\\\/\"},{\"@type\":\"ListItem\",\"position\":2,\"name\":\"Vicki \u2192 Beneficios de WA Cares &gt; El Envejecimiento y Cuidado Domiciliario\"}]},{\"@type\":\"WebSite\",\"@id\":\"https:\\\/\\\/wecareforwacares.org\\\/#website\",\"url\":\"https:\\\/\\\/wecareforwacares.org\\\/\",\"name\":\"We Care for WA Cares\",\"description\":\"70% of us will need long-term care\",\"publisher\":{\"@id\":\"https:\\\/\\\/wecareforwacares.org\\\/#organization\"},\"alternateName\":\"We Care for WA Cares\",\"potentialAction\":[{\"@type\":\"SearchAction\",\"target\":{\"@type\":\"EntryPoint\",\"urlTemplate\":\"https:\\\/\\\/wecareforwacares.org\\\/?s={search_term_string}\"},\"query-input\":{\"@type\":\"PropertyValueSpecification\",\"valueRequired\":true,\"valueName\":\"search_term_string\"}}],\"inLanguage\":\"es\"},{\"@type\":\"Organization\",\"@id\":\"https:\\\/\\\/wecareforwacares.org\\\/#organization\",\"name\":\"We Care for WA Caares\",\"alternateName\":\"We Care for WA Caares\",\"url\":\"https:\\\/\\\/wecareforwacares.org\\\/\",\"logo\":{\"@type\":\"ImageObject\",\"inLanguage\":\"es\",\"@id\":\"https:\\\/\\\/wecareforwacares.org\\\/#\\\/schema\\\/logo\\\/image\\\/\",\"url\":\"https:\\\/\\\/wecareforwacares.org\\\/wp-content\\\/uploads\\\/2023\\\/05\\\/we-care-for-wa-cares-logo.jpg\",\"contentUrl\":\"https:\\\/\\\/wecareforwacares.org\\\/wp-content\\\/uploads\\\/2023\\\/05\\\/we-care-for-wa-cares-logo.jpg\",\"width\":700,\"height\":700,\"caption\":\"We Care for WA Caares\"},\"image\":{\"@id\":\"https:\\\/\\\/wecareforwacares.org\\\/#\\\/schema\\\/logo\\\/image\\\/\"},\"sameAs\":[\"https:\\\/\\\/www.facebook.com\\\/WeCareForWACares\",\"https:\\\/\\\/x.com\\\/WeCare4WACares\",\"https:\\\/\\\/www.youtube.com\\\/channel\\\/UCICpxHAJPKocRrFM3WErRXw\",\"https:\\\/\\\/www.instagram.com\\\/wecare4wacares\\\/\"]}]}<\/script>\n<!-- \/ Yoast SEO plugin. -->","yoast_head_json":{"title":"Apoyo relacionado al envejecimiento y el cuidado a largo plazo | We Care For WA Cares","description":"\u00bfPreocupado por el envejecimiento y los costos del cuidado a largo plazo? WA Cares es una opci\u00f3n accesible para los trabajadores de Washington. Obtenga m\u00e1s informaci\u00f3n sobre We Care For WA Cares.","robots":{"index":"index","follow":"follow","max-snippet":"max-snippet:-1","max-image-preview":"max-image-preview:large","max-video-preview":"max-video-preview:-1"},"canonical":"https:\/\/wecareforwacares.org\/es\/aging-and-long-term-care\/","og_locale":"es_ES","og_type":"article","og_title":"Apoyo relacionado al envejecimiento y el cuidado a largo plazo | We Care For WA Cares","og_description":"\u00bfPreocupado por el envejecimiento y los costos del cuidado a largo plazo? WA Cares es una opci\u00f3n accesible para los trabajadores de Washington. Obtenga m\u00e1s informaci\u00f3n sobre We Care For WA Cares.","og_url":"https:\/\/wecareforwacares.org\/es\/aging-and-long-term-care\/","og_site_name":"We Care for WA Cares","article_publisher":"https:\/\/www.facebook.com\/WeCareForWACares","article_modified_time":"2023-10-03T02:35:00+00:00","og_image":[{"width":1200,"height":675,"url":"https:\/\/wecareforwacares.org\/wp-content\/uploads\/2023\/05\/we-care-for-wa-cares-logo-2.jpg","type":"image\/jpeg"}],"twitter_card":"summary_large_image","twitter_title":"Apoyo relacionado con el envejecimiento y el cuidado a largo plazo","twitter_description":"\u00bfPreocupado por el envejecimiento y los costos del cuidado a largo plazo? WA Cares es una opci\u00f3n accesible para los trabajadores de Washington. Obtenga m\u00e1s informaci\u00f3n sobre We Care For WA Cares.","twitter_site":"@WeCare4WACares","twitter_misc":{"Tiempo de lectura":"4 minutos"},"schema":{"@context":"https:\/\/schema.org","@graph":[{"@type":"WebPage","@id":"https:\/\/wecareforwacares.org\/es\/aging-and-long-term-care\/","url":"https:\/\/wecareforwacares.org\/es\/aging-and-long-term-care\/","name":"Apoyo relacionado al envejecimiento y el cuidado a largo plazo | We Care For WA Cares","isPartOf":{"@id":"https:\/\/wecareforwacares.org\/#website"},"datePublished":"2023-05-03T20:53:53+00:00","dateModified":"2023-10-03T02:35:00+00:00","description":"\u00bfPreocupado por el envejecimiento y los costos del cuidado a largo plazo? WA Cares es una opci\u00f3n accesible para los trabajadores de Washington. Obtenga m\u00e1s informaci\u00f3n sobre We Care For WA Cares.","breadcrumb":{"@id":"https:\/\/wecareforwacares.org\/es\/aging-and-long-term-care\/#breadcrumb"},"inLanguage":"es","potentialAction":[{"@type":"ReadAction","target":["https:\/\/wecareforwacares.org\/es\/aging-and-long-term-care\/"]}]},{"@type":"BreadcrumbList","@id":"https:\/\/wecareforwacares.org\/es\/aging-and-long-term-care\/#breadcrumb","itemListElement":[{"@type":"ListItem","position":1,"name":"Home","item":"https:\/\/wecareforwacares.org\/"},{"@type":"ListItem","position":2,"name":"Vicki \u2192 Beneficios de WA Cares &gt; El Envejecimiento y Cuidado Domiciliario"}]},{"@type":"WebSite","@id":"https:\/\/wecareforwacares.org\/#website","url":"https:\/\/wecareforwacares.org\/","name":"We Care for WA Cares","description":"70% of us will need long-term care","publisher":{"@id":"https:\/\/wecareforwacares.org\/#organization"},"alternateName":"We Care for WA Cares","potentialAction":[{"@type":"SearchAction","target":{"@type":"EntryPoint","urlTemplate":"https:\/\/wecareforwacares.org\/?s={search_term_string}"},"query-input":{"@type":"PropertyValueSpecification","valueRequired":true,"valueName":"search_term_string"}}],"inLanguage":"es"},{"@type":"Organization","@id":"https:\/\/wecareforwacares.org\/#organization","name":"We Care for WA Caares","alternateName":"We Care for WA Caares","url":"https:\/\/wecareforwacares.org\/","logo":{"@type":"ImageObject","inLanguage":"es","@id":"https:\/\/wecareforwacares.org\/#\/schema\/logo\/image\/","url":"https:\/\/wecareforwacares.org\/wp-content\/uploads\/2023\/05\/we-care-for-wa-cares-logo.jpg","contentUrl":"https:\/\/wecareforwacares.org\/wp-content\/uploads\/2023\/05\/we-care-for-wa-cares-logo.jpg","width":700,"height":700,"caption":"We Care for WA Caares"},"image":{"@id":"https:\/\/wecareforwacares.org\/#\/schema\/logo\/image\/"},"sameAs":["https:\/\/www.facebook.com\/WeCareForWACares","https:\/\/x.com\/WeCare4WACares","https:\/\/www.youtube.com\/channel\/UCICpxHAJPKocRrFM3WErRXw","https:\/\/www.instagram.com\/wecare4wacares\/"]}]}},"_links":{"self":[{"href":"https:\/\/wecareforwacares.org\/es\/wp-json\/wp\/v2\/pages\/2915","targetHints":{"allow":["GET"]}}],"collection":[{"href":"https:\/\/wecareforwacares.org\/es\/wp-json\/wp\/v2\/pages"}],"about":[{"href":"https:\/\/wecareforwacares.org\/es\/wp-json\/wp\/v2\/types\/page"}],"author":[{"embeddable":true,"href":"https:\/\/wecareforwacares.org\/es\/wp-json\/wp\/v2\/users\/2"}],"replies":[{"embeddable":true,"href":"https:\/\/wecareforwacares.org\/es\/wp-json\/wp\/v2\/comments?post=2915"}],"version-history":[{"count":4,"href":"https:\/\/wecareforwacares.org\/es\/wp-json\/wp\/v2\/pages\/2915\/revisions"}],"predecessor-version":[{"id":3337,"href":"https:\/\/wecareforwacares.org\/es\/wp-json\/wp\/v2\/pages\/2915\/revisions\/3337"}],"wp:attachment":[{"href":"https:\/\/wecareforwacares.org\/es\/wp-json\/wp\/v2\/media?parent=2915"}],"curies":[{"name":"wp","href":"https:\/\/api.w.org\/{rel}","templated":true}]}}